{"id":28588,"date":"2024-06-02T20:18:01","date_gmt":"2024-06-02T20:18:01","guid":{"rendered":"https:\/\/irinasb.com\/?post_type=product&#038;p=28588"},"modified":"2025-05-22T15:36:24","modified_gmt":"2025-05-22T15:36:24","slug":"estojo-exotico","status":"publish","type":"product","link":"https:\/\/irinasb.com\/en\/product\/estojo-exotico\/","title":{"rendered":"Estojo Necessaire Tecido Rosa"},"content":{"rendered":"<p>Estojo feito \u00e0 m\u00e3o em tecido com padr\u00e3o com flores em tons de verde, azul e rosa.<\/p>\n<p>Medidas aproximadas: 19 x 12 x 8 cm<\/p>","protected":false},"excerpt":{"rendered":"<p>Estojo feito \u00e0 m\u00e3o em tecido com padr\u00e3o com flores em tons de verde, azul e rosa. Medidas aproximadas: 19 x 12 x 8 cm<\/p>","protected":false},"featured_media":28589,"comment_status":"closed","ping_status":"closed","template":"","meta":[],"product_brand":[],"product_cat":[189],"product_tag":[],"class_list":{"0":"post-28588","1":"product","2":"type-product","3":"status-publish","4":"has-post-thumbnail","6":"product_cat-bolsas-e-estojos","8":"first","9":"instock","10":"shipping-taxable","11":"purchasable","12":"product-type-simple"},"yoast_head":"<!-- This site is optimized with the Yoast SEO plugin v26.2 - https:\/\/yoast.com\/wordpress\/plugins\/seo\/ -->\n<title>Estojo Necessaire Tecido Rosa - IrinasB<\/title>\n<meta name=\"robots\" content=\"index, follow, max-snippet:-1, max-image-preview:large, max-video-preview:-1\" \/>\n<link rel=\"canonical\" href=\"https:\/\/irinasb.com\/en\/product\/estojo-exotico\/\" \/>\n<meta property=\"og:locale\" content=\"en_GB\" \/>\n<meta property=\"og:type\" content=\"article\" \/>\n<meta property=\"og:title\" content=\"Estojo Necessaire Tecido Rosa - IrinasB\" \/>\n<meta property=\"og:description\" content=\"Estojo feito \u00e0 m\u00e3o em tecido com padr\u00e3o com flores em tons de verde, azul e rosa. Medidas aproximadas: 19 x 12 x 8 cm\" \/>\n<meta property=\"og:url\" content=\"https:\/\/irinasb.com\/en\/product\/estojo-exotico\/\" \/>\n<meta property=\"og:site_name\" content=\"IrinasB\" \/>\n<meta property=\"article:modified_time\" content=\"2025-05-22T15:36:24+00:00\" \/>\n<meta property=\"og:image\" content=\"https:\/\/irinasb.com\/wp-content\/uploads\/2024\/06\/PFUS2.jpg\" \/>\n\t<meta property=\"og:image:width\" content=\"800\" \/>\n\t<meta property=\"og:image:height\" content=\"938\" \/>\n\t<meta property=\"og:image:type\" content=\"image\/jpeg\" \/>\n<meta name=\"twitter:card\" content=\"summary_large_image\" \/>\n<meta name=\"twitter:label1\" content=\"Estimated reading time\" \/>\n\t<meta name=\"twitter:data1\" content=\"1 minute\" \/>\n<script type=\"application\/ld+json\" class=\"yoast-schema-graph\">{\"@context\":\"https:\/\/schema.org\",\"@graph\":[{\"@type\":\"WebPage\",\"@id\":\"https:\/\/irinasb.com\/produto\/estojo-exotico\/\",\"url\":\"https:\/\/irinasb.com\/produto\/estojo-exotico\/\",\"name\":\"Estojo Necessaire Tecido Rosa - IrinasB\",\"isPartOf\":{\"@id\":\"https:\/\/irinasb.com\/#website\"},\"primaryImageOfPage\":{\"@id\":\"https:\/\/irinasb.com\/produto\/estojo-exotico\/#primaryimage\"},\"image\":{\"@id\":\"https:\/\/irinasb.com\/produto\/estojo-exotico\/#primaryimage\"},\"thumbnailUrl\":\"https:\/\/irinasb.com\/wp-content\/uploads\/2024\/06\/PFUS2.jpg\",\"datePublished\":\"2024-06-02T20:18:01+00:00\",\"dateModified\":\"2025-05-22T15:36:24+00:00\",\"breadcrumb\":{\"@id\":\"https:\/\/irinasb.com\/produto\/estojo-exotico\/#breadcrumb\"},\"inLanguage\":\"en-GB\",\"potentialAction\":[{\"@type\":\"ReadAction\",\"target\":[\"https:\/\/irinasb.com\/produto\/estojo-exotico\/\"]}]},{\"@type\":\"ImageObject\",\"inLanguage\":\"en-GB\",\"@id\":\"https:\/\/irinasb.com\/produto\/estojo-exotico\/#primaryimage\",\"url\":\"https:\/\/irinasb.com\/wp-content\/uploads\/2024\/06\/PFUS2.jpg\",\"contentUrl\":\"https:\/\/irinasb.com\/wp-content\/uploads\/2024\/06\/PFUS2.jpg\",\"width\":800,\"height\":938},{\"@type\":\"BreadcrumbList\",\"@id\":\"https:\/\/irinasb.com\/produto\/estojo-exotico\/#breadcrumb\",\"itemListElement\":[{\"@type\":\"ListItem\",\"position\":1,\"name\":\"Home\",\"item\":\"https:\/\/irinasb.com\/\"},{\"@type\":\"ListItem\",\"position\":2,\"name\":\"Loja\",\"item\":\"https:\/\/irinasb.com\/loja\/\"},{\"@type\":\"ListItem\",\"position\":3,\"name\":\"Estojo Necessaire Tecido Rosa\"}]},{\"@type\":\"WebSite\",\"@id\":\"https:\/\/irinasb.com\/#website\",\"url\":\"https:\/\/irinasb.com\/\",\"name\":\"IrinasB\",\"description\":\"Handmade Dreams\",\"publisher\":{\"@id\":\"https:\/\/irinasb.com\/#organization\"},\"potentialAction\":[{\"@type\":\"SearchAction\",\"target\":{\"@type\":\"EntryPoint\",\"urlTemplate\":\"https:\/\/irinasb.com\/?s={search_term_string}\"},\"query-input\":{\"@type\":\"PropertyValueSpecification\",\"valueRequired\":true,\"valueName\":\"search_term_string\"}}],\"inLanguage\":\"en-GB\"},{\"@type\":\"Organization\",\"@id\":\"https:\/\/irinasb.com\/#organization\",\"name\":\"IrinasB\",\"url\":\"https:\/\/irinasb.com\/\",\"logo\":{\"@type\":\"ImageObject\",\"inLanguage\":\"en-GB\",\"@id\":\"https:\/\/irinasb.com\/#\/schema\/logo\/image\/\",\"url\":\"https:\/\/irinasb.com\/wp-content\/uploads\/2016\/11\/logo.fw_.png\",\"contentUrl\":\"https:\/\/irinasb.com\/wp-content\/uploads\/2016\/11\/logo.fw_.png\",\"width\":900,\"height\":453,\"caption\":\"IrinasB\"},\"image\":{\"@id\":\"https:\/\/irinasb.com\/#\/schema\/logo\/image\/\"}}]}<\/script>\n<!-- \/ Yoast SEO plugin. -->","yoast_head_json":{"title":"Estojo Necessaire Tecido Rosa - IrinasB","robots":{"index":"index","follow":"follow","max-snippet":"max-snippet:-1","max-image-preview":"max-image-preview:large","max-video-preview":"max-video-preview:-1"},"canonical":"https:\/\/irinasb.com\/en\/product\/estojo-exotico\/","og_locale":"en_GB","og_type":"article","og_title":"Estojo Necessaire Tecido Rosa - IrinasB","og_description":"Estojo feito \u00e0 m\u00e3o em tecido com padr\u00e3o com flores em tons de verde, azul e rosa. Medidas aproximadas: 19 x 12 x 8 cm","og_url":"https:\/\/irinasb.com\/en\/product\/estojo-exotico\/","og_site_name":"IrinasB","article_modified_time":"2025-05-22T15:36:24+00:00","og_image":[{"width":800,"height":938,"url":"https:\/\/irinasb.com\/wp-content\/uploads\/2024\/06\/PFUS2.jpg","type":"image\/jpeg"}],"twitter_card":"summary_large_image","twitter_misc":{"Estimated reading time":"1 minute"},"schema":{"@context":"https:\/\/schema.org","@graph":[{"@type":"WebPage","@id":"https:\/\/irinasb.com\/produto\/estojo-exotico\/","url":"https:\/\/irinasb.com\/produto\/estojo-exotico\/","name":"Estojo Necessaire Tecido Rosa - IrinasB","isPartOf":{"@id":"https:\/\/irinasb.com\/#website"},"primaryImageOfPage":{"@id":"https:\/\/irinasb.com\/produto\/estojo-exotico\/#primaryimage"},"image":{"@id":"https:\/\/irinasb.com\/produto\/estojo-exotico\/#primaryimage"},"thumbnailUrl":"https:\/\/irinasb.com\/wp-content\/uploads\/2024\/06\/PFUS2.jpg","datePublished":"2024-06-02T20:18:01+00:00","dateModified":"2025-05-22T15:36:24+00:00","breadcrumb":{"@id":"https:\/\/irinasb.com\/produto\/estojo-exotico\/#breadcrumb"},"inLanguage":"en-GB","potentialAction":[{"@type":"ReadAction","target":["https:\/\/irinasb.com\/produto\/estojo-exotico\/"]}]},{"@type":"ImageObject","inLanguage":"en-GB","@id":"https:\/\/irinasb.com\/produto\/estojo-exotico\/#primaryimage","url":"https:\/\/irinasb.com\/wp-content\/uploads\/2024\/06\/PFUS2.jpg","contentUrl":"https:\/\/irinasb.com\/wp-content\/uploads\/2024\/06\/PFUS2.jpg","width":800,"height":938},{"@type":"BreadcrumbList","@id":"https:\/\/irinasb.com\/produto\/estojo-exotico\/#breadcrumb","itemListElement":[{"@type":"ListItem","position":1,"name":"Home","item":"https:\/\/irinasb.com\/"},{"@type":"ListItem","position":2,"name":"Loja","item":"https:\/\/irinasb.com\/loja\/"},{"@type":"ListItem","position":3,"name":"Estojo Necessaire Tecido Rosa"}]},{"@type":"WebSite","@id":"https:\/\/irinasb.com\/#website","url":"https:\/\/irinasb.com\/","name":"IrinasB","description":"Handmade Dreams","publisher":{"@id":"https:\/\/irinasb.com\/#organization"},"potentialAction":[{"@type":"SearchAction","target":{"@type":"EntryPoint","urlTemplate":"https:\/\/irinasb.com\/?s={search_term_string}"},"query-input":{"@type":"PropertyValueSpecification","valueRequired":true,"valueName":"search_term_string"}}],"inLanguage":"en-GB"},{"@type":"Organization","@id":"https:\/\/irinasb.com\/#organization","name":"IrinasB","url":"https:\/\/irinasb.com\/","logo":{"@type":"ImageObject","inLanguage":"en-GB","@id":"https:\/\/irinasb.com\/#\/schema\/logo\/image\/","url":"https:\/\/irinasb.com\/wp-content\/uploads\/2016\/11\/logo.fw_.png","contentUrl":"https:\/\/irinasb.com\/wp-content\/uploads\/2016\/11\/logo.fw_.png","width":900,"height":453,"caption":"IrinasB"},"image":{"@id":"https:\/\/irinasb.com\/#\/schema\/logo\/image\/"}}]}},"_links":{"self":[{"href":"https:\/\/irinasb.com\/en\/wp-json\/wp\/v2\/product\/28588","targetHints":{"allow":["GET"]}}],"collection":[{"href":"https:\/\/irinasb.com\/en\/wp-json\/wp\/v2\/product"}],"about":[{"href":"https:\/\/irinasb.com\/en\/wp-json\/wp\/v2\/types\/product"}],"replies":[{"embeddable":true,"href":"https:\/\/irinasb.com\/en\/wp-json\/wp\/v2\/comments?post=28588"}],"wp:featuredmedia":[{"embeddable":true,"href":"https:\/\/irinasb.com\/en\/wp-json\/wp\/v2\/media\/28589"}],"wp:attachment":[{"href":"https:\/\/irinasb.com\/en\/wp-json\/wp\/v2\/media?parent=28588"}],"wp:term":[{"taxonomy":"product_brand","embeddable":true,"href":"https:\/\/irinasb.com\/en\/wp-json\/wp\/v2\/product_brand?post=28588"},{"taxonomy":"product_cat","embeddable":true,"href":"https:\/\/irinasb.com\/en\/wp-json\/wp\/v2\/product_cat?post=28588"},{"taxonomy":"product_tag","embeddable":true,"href":"https:\/\/irinasb.com\/en\/wp-json\/wp\/v2\/product_tag?post=28588"}],"curies":[{"name":"wp","href":"https:\/\/api.w.org\/{rel}","templated":true}]}}