{"id":2858,"date":"2016-12-02T13:15:29","date_gmt":"2016-12-02T13:15:29","guid":{"rendered":"https:\/\/irinasb.com\/?post_type=product&#038;p=2858"},"modified":"2025-05-30T09:13:27","modified_gmt":"2025-05-30T09:13:27","slug":"colar-flores-pretas-coracao-viana-filigrana","status":"publish","type":"product","link":"https:\/\/irinasb.com\/en\/product\/colar-flores-pretas-coracao-viana-filigrana\/","title":{"rendered":"Colar Flores Pretas e Cora\u00e7\u00e3o Prata Dourada"},"content":{"rendered":"<h2>Colar Flores Pretas<\/h2>\n<ul>\n<li><strong>Flores em polipele preta texturizada<\/strong>, que trazem uma eleg\u00e2ncia discreta e moderna.<\/li>\n<li><strong>Cora\u00e7\u00e3o de Viana em prata dourada de filigrana<\/strong>, uma pe\u00e7a artesanal com um design rico e simb\u00f3lico.<\/li>\n<li><strong>Incrivelmente leve<\/strong>, garantindo conforto durante o uso, ideal para o dia a dia ou para ocasi\u00f5es especiais. Peso:36g<\/li>\n<li><strong>Feito \u00e0 m\u00e3o<\/strong> com materiais de alta qualidade, refletindo a dedica\u00e7\u00e3o e a arte da IrinasB. O cora\u00e7\u00e3o de Viana \u00e9 produzido manualmente em prata 925 de filigrana.<\/li>\n<li>Perfeito para quem procura um <a href=\"https:\/\/irinasb.com\/en\/product-category\/maxicolares\/\">colar<\/a> <strong>\u00fanico<\/strong>, com uma combina\u00e7\u00e3o de estilo moderno e tradi\u00e7\u00e3o portuguesa.<\/li>\n<li><strong>Cuidados com a Pe\u00e7a:<\/strong>\n<ul>\n<li><strong>Storage:<\/strong>\u00a0Guarde o colar em local seco e evite o contato com produtos qu\u00edmicos para preservar o brilho e a integridade dos materiais.<\/li>\n<li><strong>Cleaning:<\/strong>\u00a0Limpe suavemente com um pano macio e seco para manter o acabamento impec\u00e1vel.<\/li>\n<\/ul>\n<\/li>\n<\/ul>\n<p><strong>Torne-se \u00fanica e especial<\/strong> com este Colar Flores Pretas e Cora\u00e7\u00e3o Prata Dourada exclusivo, que transmite sofistica\u00e7\u00e3o e hist\u00f3ria, enquanto celebra a arte e a beleza de Portugal. Ideal para presentear ou para adicionar um toque de classe ao seu pr\u00f3prio estilo.<\/p>\n<p><span style=\"color: #000000;\"><em>Our pieces are manufactured manually, therefore, we do not guarantee that the piece sent is exactly the same as the photograph shown, that is, certain details may vary slightly in position, as well as materials such as cork, which may slightly vary in color. We guarantee an identical piece but never exactly the same!<\/em><\/span><\/p>\n<p>&nbsp;<\/p>\n<p>Se tiver d\u00favidas pode falar connosco no <a href=\"https:\/\/www.instagram.com\/irinas_b\/\" target=\"_blank\" rel=\"noopener\">Instagram<\/a>.<\/p>","protected":false},"excerpt":{"rendered":"<p>We are addicted to good taste!<\/p>\n<p>Este elegante <strong>colar<\/strong> da IrinasB \u00e9 uma pe\u00e7a \u00fanica que combina a modernidade das <strong>flowers<\/strong>\u00a0com a tradi\u00e7\u00e3o do <strong>cora\u00e7\u00e3o de Viana em prata dourada de filigrana<\/strong>, feito \u00e0 m\u00e3o. Perfeito para mulheres que apreciam a fus\u00e3o de estilo contempor\u00e2neo e cultura portuguesa, este colar oferece um toque distinto e sofisticado para qualquer look.<\/p>\n<p>Attention! This piece is only manufactured to order, after purchase the delivery time can vary between 1 to 2 weeks.<\/p>","protected":false},"featured_media":27939,"comment_status":"closed","ping_status":"closed","template":"","meta":[],"product_brand":[],"product_cat":[186],"product_tag":[145,214,213,149],"class_list":{"0":"post-2858","1":"product","2":"type-product","3":"status-publish","4":"has-post-thumbnail","6":"product_cat-maxicolares","7":"product_tag-coracao-de-viana","8":"product_tag-dourado","9":"product_tag-prata","10":"product_tag-preto","12":"first","13":"instock","14":"shipping-taxable","15":"purchasable","16":"product-type-simple"},"yoast_head":"<!-- This site is optimized with the Yoast SEO plugin v26.2 - https:\/\/yoast.com\/wordpress\/plugins\/seo\/ -->\n<title>Colar Flores Pretas e Cora\u00e7\u00e3o Prata Dourada \u2013 IrinasB<\/title>\n<meta name=\"description\" content=\"Colar Flores Pretas e Cora\u00e7\u00e3o de Viana em filigrana dourada. Um acess\u00f3rio distinto, elegante e feito \u00e0 m\u00e3o com materiais nobres.\" \/>\n<meta name=\"robots\" content=\"index, follow, max-snippet:-1, max-image-preview:large, max-video-preview:-1\" \/>\n<link rel=\"canonical\" href=\"https:\/\/irinasb.com\/en\/product\/colar-flores-pretas-coracao-viana-filigrana\/\" \/>\n<meta property=\"og:locale\" content=\"en_GB\" \/>\n<meta property=\"og:type\" content=\"article\" \/>\n<meta property=\"og:title\" content=\"Colar Flores Pretas e Cora\u00e7\u00e3o Prata Dourada \u2013 IrinasB\" \/>\n<meta property=\"og:description\" content=\"Colar Flores Pretas e Cora\u00e7\u00e3o de Viana em filigrana dourada. Um acess\u00f3rio distinto, elegante e feito \u00e0 m\u00e3o com materiais nobres.\" \/>\n<meta property=\"og:url\" content=\"https:\/\/irinasb.com\/en\/product\/colar-flores-pretas-coracao-viana-filigrana\/\" \/>\n<meta property=\"og:site_name\" content=\"IrinasB\" \/>\n<meta property=\"article:modified_time\" content=\"2025-05-30T09:13:27+00:00\" \/>\n<meta property=\"og:image\" content=\"https:\/\/irinasb.com\/wp-content\/uploads\/2016\/12\/addiction.jpg\" \/>\n\t<meta property=\"og:image:width\" content=\"800\" \/>\n\t<meta property=\"og:image:height\" content=\"968\" \/>\n\t<meta property=\"og:image:type\" content=\"image\/jpeg\" \/>\n<meta name=\"twitter:card\" content=\"summary_large_image\" \/>\n<meta name=\"twitter:label1\" content=\"Estimated reading time\" \/>\n\t<meta name=\"twitter:data1\" content=\"2 minutes\" \/>\n<script type=\"application\/ld+json\" class=\"yoast-schema-graph\">{\"@context\":\"https:\/\/schema.org\",\"@graph\":[{\"@type\":\"WebPage\",\"@id\":\"https:\/\/irinasb.com\/produto\/colar-flores-pretas-coracao-viana-filigrana\/\",\"url\":\"https:\/\/irinasb.com\/produto\/colar-flores-pretas-coracao-viana-filigrana\/\",\"name\":\"Colar Flores Pretas e Cora\u00e7\u00e3o Prata Dourada \u2013 IrinasB\",\"isPartOf\":{\"@id\":\"https:\/\/irinasb.com\/#website\"},\"primaryImageOfPage\":{\"@id\":\"https:\/\/irinasb.com\/produto\/colar-flores-pretas-coracao-viana-filigrana\/#primaryimage\"},\"image\":{\"@id\":\"https:\/\/irinasb.com\/produto\/colar-flores-pretas-coracao-viana-filigrana\/#primaryimage\"},\"thumbnailUrl\":\"https:\/\/irinasb.com\/wp-content\/uploads\/2016\/12\/addiction.jpg\",\"datePublished\":\"2016-12-02T13:15:29+00:00\",\"dateModified\":\"2025-05-30T09:13:27+00:00\",\"description\":\"Colar Flores Pretas e Cora\u00e7\u00e3o de Viana em filigrana dourada. Um acess\u00f3rio distinto, elegante e feito \u00e0 m\u00e3o com materiais nobres.\",\"breadcrumb\":{\"@id\":\"https:\/\/irinasb.com\/produto\/colar-flores-pretas-coracao-viana-filigrana\/#breadcrumb\"},\"inLanguage\":\"en-GB\",\"potentialAction\":[{\"@type\":\"ReadAction\",\"target\":[\"https:\/\/irinasb.com\/produto\/colar-flores-pretas-coracao-viana-filigrana\/\"]}]},{\"@type\":\"ImageObject\",\"inLanguage\":\"en-GB\",\"@id\":\"https:\/\/irinasb.com\/produto\/colar-flores-pretas-coracao-viana-filigrana\/#primaryimage\",\"url\":\"https:\/\/irinasb.com\/wp-content\/uploads\/2016\/12\/addiction.jpg\",\"contentUrl\":\"https:\/\/irinasb.com\/wp-content\/uploads\/2016\/12\/addiction.jpg\",\"width\":800,\"height\":968,\"caption\":\"Este elegante colar da IrinasB \u00e9 uma pe\u00e7a \u00fanica que combina a modernidade das flores com a tradi\u00e7\u00e3o do cora\u00e7\u00e3o de Viana em prata dourada de filigrana, feito \u00e0 m\u00e3o.\"},{\"@type\":\"BreadcrumbList\",\"@id\":\"https:\/\/irinasb.com\/produto\/colar-flores-pretas-coracao-viana-filigrana\/#breadcrumb\",\"itemListElement\":[{\"@type\":\"ListItem\",\"position\":1,\"name\":\"Home\",\"item\":\"https:\/\/irinasb.com\/\"},{\"@type\":\"ListItem\",\"position\":2,\"name\":\"Loja\",\"item\":\"https:\/\/irinasb.com\/loja\/\"},{\"@type\":\"ListItem\",\"position\":3,\"name\":\"Colar Flores Pretas e Cora\u00e7\u00e3o Prata Dourada\"}]},{\"@type\":\"WebSite\",\"@id\":\"https:\/\/irinasb.com\/#website\",\"url\":\"https:\/\/irinasb.com\/\",\"name\":\"IrinasB\",\"description\":\"Handmade Dreams\",\"publisher\":{\"@id\":\"https:\/\/irinasb.com\/#organization\"},\"potentialAction\":[{\"@type\":\"SearchAction\",\"target\":{\"@type\":\"EntryPoint\",\"urlTemplate\":\"https:\/\/irinasb.com\/?s={search_term_string}\"},\"query-input\":{\"@type\":\"PropertyValueSpecification\",\"valueRequired\":true,\"valueName\":\"search_term_string\"}}],\"inLanguage\":\"en-GB\"},{\"@type\":\"Organization\",\"@id\":\"https:\/\/irinasb.com\/#organization\",\"name\":\"IrinasB\",\"url\":\"https:\/\/irinasb.com\/\",\"logo\":{\"@type\":\"ImageObject\",\"inLanguage\":\"en-GB\",\"@id\":\"https:\/\/irinasb.com\/#\/schema\/logo\/image\/\",\"url\":\"https:\/\/irinasb.com\/wp-content\/uploads\/2016\/11\/logo.fw_.png\",\"contentUrl\":\"https:\/\/irinasb.com\/wp-content\/uploads\/2016\/11\/logo.fw_.png\",\"width\":900,\"height\":453,\"caption\":\"IrinasB\"},\"image\":{\"@id\":\"https:\/\/irinasb.com\/#\/schema\/logo\/image\/\"}}]}<\/script>\n<!-- \/ Yoast SEO plugin. -->","yoast_head_json":{"title":"Colar Flores Pretas e Cora\u00e7\u00e3o Prata Dourada \u2013 IrinasB","description":"Colar Flores Pretas e Cora\u00e7\u00e3o de Viana em filigrana dourada. Um acess\u00f3rio distinto, elegante e feito \u00e0 m\u00e3o com materiais nobres.","robots":{"index":"index","follow":"follow","max-snippet":"max-snippet:-1","max-image-preview":"max-image-preview:large","max-video-preview":"max-video-preview:-1"},"canonical":"https:\/\/irinasb.com\/en\/product\/colar-flores-pretas-coracao-viana-filigrana\/","og_locale":"en_GB","og_type":"article","og_title":"Colar Flores Pretas e Cora\u00e7\u00e3o Prata Dourada \u2013 IrinasB","og_description":"Colar Flores Pretas e Cora\u00e7\u00e3o de Viana em filigrana dourada. Um acess\u00f3rio distinto, elegante e feito \u00e0 m\u00e3o com materiais nobres.","og_url":"https:\/\/irinasb.com\/en\/product\/colar-flores-pretas-coracao-viana-filigrana\/","og_site_name":"IrinasB","article_modified_time":"2025-05-30T09:13:27+00:00","og_image":[{"width":800,"height":968,"url":"https:\/\/irinasb.com\/wp-content\/uploads\/2016\/12\/addiction.jpg","type":"image\/jpeg"}],"twitter_card":"summary_large_image","twitter_misc":{"Estimated reading time":"2 minutes"},"schema":{"@context":"https:\/\/schema.org","@graph":[{"@type":"WebPage","@id":"https:\/\/irinasb.com\/produto\/colar-flores-pretas-coracao-viana-filigrana\/","url":"https:\/\/irinasb.com\/produto\/colar-flores-pretas-coracao-viana-filigrana\/","name":"Colar Flores Pretas e Cora\u00e7\u00e3o Prata Dourada \u2013 IrinasB","isPartOf":{"@id":"https:\/\/irinasb.com\/#website"},"primaryImageOfPage":{"@id":"https:\/\/irinasb.com\/produto\/colar-flores-pretas-coracao-viana-filigrana\/#primaryimage"},"image":{"@id":"https:\/\/irinasb.com\/produto\/colar-flores-pretas-coracao-viana-filigrana\/#primaryimage"},"thumbnailUrl":"https:\/\/irinasb.com\/wp-content\/uploads\/2016\/12\/addiction.jpg","datePublished":"2016-12-02T13:15:29+00:00","dateModified":"2025-05-30T09:13:27+00:00","description":"Colar Flores Pretas e Cora\u00e7\u00e3o de Viana em filigrana dourada. Um acess\u00f3rio distinto, elegante e feito \u00e0 m\u00e3o com materiais nobres.","breadcrumb":{"@id":"https:\/\/irinasb.com\/produto\/colar-flores-pretas-coracao-viana-filigrana\/#breadcrumb"},"inLanguage":"en-GB","potentialAction":[{"@type":"ReadAction","target":["https:\/\/irinasb.com\/produto\/colar-flores-pretas-coracao-viana-filigrana\/"]}]},{"@type":"ImageObject","inLanguage":"en-GB","@id":"https:\/\/irinasb.com\/produto\/colar-flores-pretas-coracao-viana-filigrana\/#primaryimage","url":"https:\/\/irinasb.com\/wp-content\/uploads\/2016\/12\/addiction.jpg","contentUrl":"https:\/\/irinasb.com\/wp-content\/uploads\/2016\/12\/addiction.jpg","width":800,"height":968,"caption":"Este elegante colar da IrinasB \u00e9 uma pe\u00e7a \u00fanica que combina a modernidade das flores com a tradi\u00e7\u00e3o do cora\u00e7\u00e3o de Viana em prata dourada de filigrana, feito \u00e0 m\u00e3o."},{"@type":"BreadcrumbList","@id":"https:\/\/irinasb.com\/produto\/colar-flores-pretas-coracao-viana-filigrana\/#breadcrumb","itemListElement":[{"@type":"ListItem","position":1,"name":"Home","item":"https:\/\/irinasb.com\/"},{"@type":"ListItem","position":2,"name":"Loja","item":"https:\/\/irinasb.com\/loja\/"},{"@type":"ListItem","position":3,"name":"Colar Flores Pretas e Cora\u00e7\u00e3o Prata Dourada"}]},{"@type":"WebSite","@id":"https:\/\/irinasb.com\/#website","url":"https:\/\/irinasb.com\/","name":"IrinasB","description":"Handmade Dreams","publisher":{"@id":"https:\/\/irinasb.com\/#organization"},"potentialAction":[{"@type":"SearchAction","target":{"@type":"EntryPoint","urlTemplate":"https:\/\/irinasb.com\/?s={search_term_string}"},"query-input":{"@type":"PropertyValueSpecification","valueRequired":true,"valueName":"search_term_string"}}],"inLanguage":"en-GB"},{"@type":"Organization","@id":"https:\/\/irinasb.com\/#organization","name":"IrinasB","url":"https:\/\/irinasb.com\/","logo":{"@type":"ImageObject","inLanguage":"en-GB","@id":"https:\/\/irinasb.com\/#\/schema\/logo\/image\/","url":"https:\/\/irinasb.com\/wp-content\/uploads\/2016\/11\/logo.fw_.png","contentUrl":"https:\/\/irinasb.com\/wp-content\/uploads\/2016\/11\/logo.fw_.png","width":900,"height":453,"caption":"IrinasB"},"image":{"@id":"https:\/\/irinasb.com\/#\/schema\/logo\/image\/"}}]}},"_links":{"self":[{"href":"https:\/\/irinasb.com\/en\/wp-json\/wp\/v2\/product\/2858","targetHints":{"allow":["GET"]}}],"collection":[{"href":"https:\/\/irinasb.com\/en\/wp-json\/wp\/v2\/product"}],"about":[{"href":"https:\/\/irinasb.com\/en\/wp-json\/wp\/v2\/types\/product"}],"replies":[{"embeddable":true,"href":"https:\/\/irinasb.com\/en\/wp-json\/wp\/v2\/comments?post=2858"}],"wp:featuredmedia":[{"embeddable":true,"href":"https:\/\/irinasb.com\/en\/wp-json\/wp\/v2\/media\/27939"}],"wp:attachment":[{"href":"https:\/\/irinasb.com\/en\/wp-json\/wp\/v2\/media?parent=2858"}],"wp:term":[{"taxonomy":"product_brand","embeddable":true,"href":"https:\/\/irinasb.com\/en\/wp-json\/wp\/v2\/product_brand?post=2858"},{"taxonomy":"product_cat","embeddable":true,"href":"https:\/\/irinasb.com\/en\/wp-json\/wp\/v2\/product_cat?post=2858"},{"taxonomy":"product_tag","embeddable":true,"href":"https:\/\/irinasb.com\/en\/wp-json\/wp\/v2\/product_tag?post=2858"}],"curies":[{"name":"wp","href":"https:\/\/api.w.org\/{rel}","templated":true}]}}