{"id":26785,"date":"2023-10-15T17:58:45","date_gmt":"2023-10-15T17:58:45","guid":{"rendered":"https:\/\/irinasb.com\/?post_type=product&#038;p=26785"},"modified":"2026-01-09T11:43:15","modified_gmt":"2026-01-09T11:43:15","slug":"turmalina-rosa-5","status":"publish","type":"product","link":"https:\/\/irinasb.com\/en\/product\/turmalina-rosa-5\/","title":{"rendered":"Pulseira Pedras Turmalina Rosa"},"content":{"rendered":"<ul>\n<li><strong>Design Elegante:<\/strong> Produzida com fio duplo de alta qualidade, proporcionando durabilidade e conforto.<\/li>\n<li><strong>Pedras Naturais de Turmalina Rosa:<\/strong> Conhecidas por estimular o amor-pr\u00f3prio e fortalecer os relacionamentos.<\/li>\n<li><strong>Stainless Steel Pendant:<\/strong> Adiciona um toque moderno e resistente, garantindo longevidade ao acess\u00f3rio.<\/li>\n<\/ul>\n<h5><strong>Benef\u00edcios da Turmalina Rosa:<\/strong><\/h5>\n<ul>\n<li><strong>Amor:<\/strong> Estimula o amor-pr\u00f3prio e fortalece os relacionamentos.<\/li>\n<li><strong>Equil\u00edbrio Emocional:<\/strong> Ajuda a renovar padr\u00f5es autodestrutivos e trabalha na limpeza emocional, removendo m\u00e1goas e tristezas.<\/li>\n<li><strong>Alegria:<\/strong> Traz entusiasmo e ajuda a atrair pessoas alegres para a nossa vida.<\/li>\n<\/ul>\n<h5><strong>Why Choose This Bracelet?<\/strong><\/h5>\n<ul>\n<li><strong>Presente Significativo:<\/strong> Ideal para oferecer a algu\u00e9m especial, simbolizando amor e bem-estar emocional.<\/li>\n<li><strong>Significado Profundo:<\/strong> Mais do que um acess\u00f3rio, \u00e9 um s\u00edmbolo de amor e cura emocional.<\/li>\n<li><strong>Qualidade Superior:<\/strong> Materiais selecionados para garantir beleza e durabilidade.<\/li>\n<\/ul>\n<h5><strong>Product Care:<\/strong><\/h5>\n<ul>\n<li><strong>Cleaning:<\/strong> Limpar suavemente com um pano macio e seco para manter o brilho das pedras e do metal.<\/li>\n<li><strong>Storage:<\/strong> Guardar em local seco e evitar o contacto com produtos qu\u00edmicos.<\/li>\n<\/ul>","protected":false},"excerpt":{"rendered":"<p>A turmalina rosa \u00e9 conhecida como a pedra do amor e da cura emocional, traz alegria e entusiasmo e ajuda a atrair pessoas alegres para a nossa vida.<\/p>","protected":false},"featured_media":29971,"comment_status":"closed","ping_status":"closed","template":"","meta":[],"product_brand":[],"product_cat":[310],"product_tag":[379,362,336,317,378],"class_list":{"0":"post-26785","1":"product","2":"type-product","3":"status-publish","4":"has-post-thumbnail","6":"product_cat-pedras-com-significado","7":"product_tag-acessorio-elegante-e-significativo","8":"product_tag-fio-duplo-de-alta-qualidade","9":"product_tag-pedra-do-amor-e-cura-emocional","10":"product_tag-pendente-em-aco-inoxidavel","11":"product_tag-pulseira-com-pedras-turmalina-rosa","13":"first","14":"instock","15":"shipping-taxable","16":"purchasable","17":"product-type-simple"},"yoast_head":"<!-- This site is optimized with the Yoast SEO plugin v26.2 - https:\/\/yoast.com\/wordpress\/plugins\/seo\/ -->\n<title>Pulseira Pedras Turmalina Rosa - IrinasB<\/title>\n<meta name=\"robots\" content=\"index, follow, max-snippet:-1, max-image-preview:large, max-video-preview:-1\" \/>\n<link rel=\"canonical\" href=\"https:\/\/irinasb.com\/en\/product\/turmalina-rosa-5\/\" \/>\n<meta property=\"og:locale\" content=\"en_GB\" \/>\n<meta property=\"og:type\" content=\"article\" \/>\n<meta property=\"og:title\" content=\"Pulseira Pedras Turmalina Rosa - IrinasB\" \/>\n<meta property=\"og:description\" content=\"A turmalina rosa \u00e9 conhecida como a pedra do amor e da cura emocional, traz alegria e entusiasmo e ajuda a atrair pessoas alegres para a nossa vida.\" \/>\n<meta property=\"og:url\" content=\"https:\/\/irinasb.com\/en\/product\/turmalina-rosa-5\/\" \/>\n<meta property=\"og:site_name\" content=\"IrinasB\" \/>\n<meta property=\"article:modified_time\" content=\"2026-01-09T11:43:15+00:00\" \/>\n<meta property=\"og:image\" content=\"https:\/\/irinasb.com\/wp-content\/uploads\/2023\/10\/TURMROSA1.jpg\" \/>\n\t<meta property=\"og:image:width\" content=\"800\" \/>\n\t<meta property=\"og:image:height\" content=\"951\" \/>\n\t<meta property=\"og:image:type\" content=\"image\/jpeg\" \/>\n<meta name=\"twitter:card\" content=\"summary_large_image\" \/>\n<meta name=\"twitter:label1\" content=\"Estimated reading time\" \/>\n\t<meta name=\"twitter:data1\" content=\"2 minutes\" \/>\n<script type=\"application\/ld+json\" class=\"yoast-schema-graph\">{\"@context\":\"https:\/\/schema.org\",\"@graph\":[{\"@type\":\"WebPage\",\"@id\":\"https:\/\/irinasb.com\/produto\/turmalina-rosa-5\/\",\"url\":\"https:\/\/irinasb.com\/produto\/turmalina-rosa-5\/\",\"name\":\"Pulseira Pedras Turmalina Rosa - IrinasB\",\"isPartOf\":{\"@id\":\"https:\/\/irinasb.com\/#website\"},\"primaryImageOfPage\":{\"@id\":\"https:\/\/irinasb.com\/produto\/turmalina-rosa-5\/#primaryimage\"},\"image\":{\"@id\":\"https:\/\/irinasb.com\/produto\/turmalina-rosa-5\/#primaryimage\"},\"thumbnailUrl\":\"https:\/\/irinasb.com\/wp-content\/uploads\/2023\/10\/TURMROSA1.jpg\",\"datePublished\":\"2023-10-15T17:58:45+00:00\",\"dateModified\":\"2026-01-09T11:43:15+00:00\",\"breadcrumb\":{\"@id\":\"https:\/\/irinasb.com\/produto\/turmalina-rosa-5\/#breadcrumb\"},\"inLanguage\":\"en-GB\",\"potentialAction\":[{\"@type\":\"ReadAction\",\"target\":[\"https:\/\/irinasb.com\/produto\/turmalina-rosa-5\/\"]}]},{\"@type\":\"ImageObject\",\"inLanguage\":\"en-GB\",\"@id\":\"https:\/\/irinasb.com\/produto\/turmalina-rosa-5\/#primaryimage\",\"url\":\"https:\/\/irinasb.com\/wp-content\/uploads\/2023\/10\/TURMROSA1.jpg\",\"contentUrl\":\"https:\/\/irinasb.com\/wp-content\/uploads\/2023\/10\/TURMROSA1.jpg\",\"width\":800,\"height\":951},{\"@type\":\"BreadcrumbList\",\"@id\":\"https:\/\/irinasb.com\/produto\/turmalina-rosa-5\/#breadcrumb\",\"itemListElement\":[{\"@type\":\"ListItem\",\"position\":1,\"name\":\"Home\",\"item\":\"https:\/\/irinasb.com\/\"},{\"@type\":\"ListItem\",\"position\":2,\"name\":\"Loja\",\"item\":\"https:\/\/irinasb.com\/loja\/\"},{\"@type\":\"ListItem\",\"position\":3,\"name\":\"Pulseira Pedras Turmalina Rosa\"}]},{\"@type\":\"WebSite\",\"@id\":\"https:\/\/irinasb.com\/#website\",\"url\":\"https:\/\/irinasb.com\/\",\"name\":\"IrinasB\",\"description\":\"Handmade Dreams\",\"publisher\":{\"@id\":\"https:\/\/irinasb.com\/#organization\"},\"potentialAction\":[{\"@type\":\"SearchAction\",\"target\":{\"@type\":\"EntryPoint\",\"urlTemplate\":\"https:\/\/irinasb.com\/?s={search_term_string}\"},\"query-input\":{\"@type\":\"PropertyValueSpecification\",\"valueRequired\":true,\"valueName\":\"search_term_string\"}}],\"inLanguage\":\"en-GB\"},{\"@type\":\"Organization\",\"@id\":\"https:\/\/irinasb.com\/#organization\",\"name\":\"IrinasB\",\"url\":\"https:\/\/irinasb.com\/\",\"logo\":{\"@type\":\"ImageObject\",\"inLanguage\":\"en-GB\",\"@id\":\"https:\/\/irinasb.com\/#\/schema\/logo\/image\/\",\"url\":\"https:\/\/irinasb.com\/wp-content\/uploads\/2016\/11\/logo.fw_.png\",\"contentUrl\":\"https:\/\/irinasb.com\/wp-content\/uploads\/2016\/11\/logo.fw_.png\",\"width\":900,\"height\":453,\"caption\":\"IrinasB\"},\"image\":{\"@id\":\"https:\/\/irinasb.com\/#\/schema\/logo\/image\/\"}}]}<\/script>\n<!-- \/ Yoast SEO plugin. -->","yoast_head_json":{"title":"Pulseira Pedras Turmalina Rosa - IrinasB","robots":{"index":"index","follow":"follow","max-snippet":"max-snippet:-1","max-image-preview":"max-image-preview:large","max-video-preview":"max-video-preview:-1"},"canonical":"https:\/\/irinasb.com\/en\/product\/turmalina-rosa-5\/","og_locale":"en_GB","og_type":"article","og_title":"Pulseira Pedras Turmalina Rosa - IrinasB","og_description":"A turmalina rosa \u00e9 conhecida como a pedra do amor e da cura emocional, traz alegria e entusiasmo e ajuda a atrair pessoas alegres para a nossa vida.","og_url":"https:\/\/irinasb.com\/en\/product\/turmalina-rosa-5\/","og_site_name":"IrinasB","article_modified_time":"2026-01-09T11:43:15+00:00","og_image":[{"width":800,"height":951,"url":"https:\/\/irinasb.com\/wp-content\/uploads\/2023\/10\/TURMROSA1.jpg","type":"image\/jpeg"}],"twitter_card":"summary_large_image","twitter_misc":{"Estimated reading time":"2 minutes"},"schema":{"@context":"https:\/\/schema.org","@graph":[{"@type":"WebPage","@id":"https:\/\/irinasb.com\/produto\/turmalina-rosa-5\/","url":"https:\/\/irinasb.com\/produto\/turmalina-rosa-5\/","name":"Pulseira Pedras Turmalina Rosa - IrinasB","isPartOf":{"@id":"https:\/\/irinasb.com\/#website"},"primaryImageOfPage":{"@id":"https:\/\/irinasb.com\/produto\/turmalina-rosa-5\/#primaryimage"},"image":{"@id":"https:\/\/irinasb.com\/produto\/turmalina-rosa-5\/#primaryimage"},"thumbnailUrl":"https:\/\/irinasb.com\/wp-content\/uploads\/2023\/10\/TURMROSA1.jpg","datePublished":"2023-10-15T17:58:45+00:00","dateModified":"2026-01-09T11:43:15+00:00","breadcrumb":{"@id":"https:\/\/irinasb.com\/produto\/turmalina-rosa-5\/#breadcrumb"},"inLanguage":"en-GB","potentialAction":[{"@type":"ReadAction","target":["https:\/\/irinasb.com\/produto\/turmalina-rosa-5\/"]}]},{"@type":"ImageObject","inLanguage":"en-GB","@id":"https:\/\/irinasb.com\/produto\/turmalina-rosa-5\/#primaryimage","url":"https:\/\/irinasb.com\/wp-content\/uploads\/2023\/10\/TURMROSA1.jpg","contentUrl":"https:\/\/irinasb.com\/wp-content\/uploads\/2023\/10\/TURMROSA1.jpg","width":800,"height":951},{"@type":"BreadcrumbList","@id":"https:\/\/irinasb.com\/produto\/turmalina-rosa-5\/#breadcrumb","itemListElement":[{"@type":"ListItem","position":1,"name":"Home","item":"https:\/\/irinasb.com\/"},{"@type":"ListItem","position":2,"name":"Loja","item":"https:\/\/irinasb.com\/loja\/"},{"@type":"ListItem","position":3,"name":"Pulseira Pedras Turmalina Rosa"}]},{"@type":"WebSite","@id":"https:\/\/irinasb.com\/#website","url":"https:\/\/irinasb.com\/","name":"IrinasB","description":"Handmade Dreams","publisher":{"@id":"https:\/\/irinasb.com\/#organization"},"potentialAction":[{"@type":"SearchAction","target":{"@type":"EntryPoint","urlTemplate":"https:\/\/irinasb.com\/?s={search_term_string}"},"query-input":{"@type":"PropertyValueSpecification","valueRequired":true,"valueName":"search_term_string"}}],"inLanguage":"en-GB"},{"@type":"Organization","@id":"https:\/\/irinasb.com\/#organization","name":"IrinasB","url":"https:\/\/irinasb.com\/","logo":{"@type":"ImageObject","inLanguage":"en-GB","@id":"https:\/\/irinasb.com\/#\/schema\/logo\/image\/","url":"https:\/\/irinasb.com\/wp-content\/uploads\/2016\/11\/logo.fw_.png","contentUrl":"https:\/\/irinasb.com\/wp-content\/uploads\/2016\/11\/logo.fw_.png","width":900,"height":453,"caption":"IrinasB"},"image":{"@id":"https:\/\/irinasb.com\/#\/schema\/logo\/image\/"}}]}},"_links":{"self":[{"href":"https:\/\/irinasb.com\/en\/wp-json\/wp\/v2\/product\/26785","targetHints":{"allow":["GET"]}}],"collection":[{"href":"https:\/\/irinasb.com\/en\/wp-json\/wp\/v2\/product"}],"about":[{"href":"https:\/\/irinasb.com\/en\/wp-json\/wp\/v2\/types\/product"}],"replies":[{"embeddable":true,"href":"https:\/\/irinasb.com\/en\/wp-json\/wp\/v2\/comments?post=26785"}],"wp:featuredmedia":[{"embeddable":true,"href":"https:\/\/irinasb.com\/en\/wp-json\/wp\/v2\/media\/29971"}],"wp:attachment":[{"href":"https:\/\/irinasb.com\/en\/wp-json\/wp\/v2\/media?parent=26785"}],"wp:term":[{"taxonomy":"product_brand","embeddable":true,"href":"https:\/\/irinasb.com\/en\/wp-json\/wp\/v2\/product_brand?post=26785"},{"taxonomy":"product_cat","embeddable":true,"href":"https:\/\/irinasb.com\/en\/wp-json\/wp\/v2\/product_cat?post=26785"},{"taxonomy":"product_tag","embeddable":true,"href":"https:\/\/irinasb.com\/en\/wp-json\/wp\/v2\/product_tag?post=26785"}],"curies":[{"name":"wp","href":"https:\/\/api.w.org\/{rel}","templated":true}]}}