{"id":26683,"date":"2023-09-27T16:04:05","date_gmt":"2023-09-27T16:04:05","guid":{"rendered":"https:\/\/irinasb.com\/?post_type=product&#038;p=26683"},"modified":"2025-02-02T16:59:46","modified_gmt":"2025-02-02T16:59:46","slug":"colar-coracao-verde","status":"publish","type":"product","link":"https:\/\/irinasb.com\/en\/product\/colar-coracao-verde\/","title":{"rendered":"COLAR CORA\u00c7\u00c3O VERDE"},"content":{"rendered":"<ul>\n<li><strong>Materiais de Qualidade:<\/strong> Produzido com tecido em polipele verde, que confere durabilidade e um toque sofisticado.<\/li>\n<li><strong>Detalhes Artesanais:<\/strong> Flores minuciosamente moldadas em fimo, adicionando um charme \u00fanico e artesanal \u00e0 pe\u00e7a.<\/li>\n<li><strong>S\u00edmbolo Tradicional:<\/strong> Incorpora um cora\u00e7\u00e3o de Viana em cer\u00e2mica, homenageando a rica heran\u00e7a cultural portuguesa.<\/li>\n<li><strong>Leveza Incr\u00edvel:<\/strong> Desenhado para ser extremamente leve, garantindo conforto durante todo o dia.<\/li>\n<li><strong>Design Exclusivo:<\/strong> Uma fus\u00e3o perfeita entre tradi\u00e7\u00e3o e modernidade, ideal para quem aprecia acess\u00f3rios \u00fanicos e significativos.<\/li>\n<li><strong>Artesanato de Excel\u00eancia:<\/strong> Cada colar \u00e9 cuidadosamente elaborado \u00e0 m\u00e3o, assegurando um produto de alta qualidade e aten\u00e7\u00e3o aos detalhes.<\/li>\n<li><strong>Conforto Garantido:<\/strong> A leveza do colar permite o uso prolongado sem causar desconforto, tornando-o perfeito para qualquer ocasi\u00e3o.<\/li>\n<li><strong>Cuidados com a Pe\u00e7a:<\/strong>\n<ul>\n<li><strong>Storage:<\/strong>\u00a0Guarde o colar em local seco e evite o contato com produtos qu\u00edmicos para preservar o brilho e a integridade dos materiais.<\/li>\n<li><strong>Cleaning:<\/strong>\u00a0Limpe suavemente com um pano macio e seco para manter o acabamento impec\u00e1vel.<\/li>\n<\/ul>\n<\/li>\n<\/ul>","protected":false},"excerpt":{"rendered":"<p>Uma escolha perfeita para real\u00e7ar a sua eleg\u00e2ncia em qualquer evento ou momento especial.<\/p>","protected":false},"featured_media":26684,"comment_status":"closed","ping_status":"closed","template":"","meta":[],"product_brand":[],"product_cat":[186],"product_tag":[],"class_list":{"0":"post-26683","1":"product","2":"type-product","3":"status-publish","4":"has-post-thumbnail","6":"product_cat-maxicolares","8":"first","9":"instock","10":"shipping-taxable","11":"purchasable","12":"product-type-simple"},"yoast_head":"<!-- This site is optimized with the Yoast SEO plugin v26.2 - https:\/\/yoast.com\/wordpress\/plugins\/seo\/ -->\n<title>COLAR CORA\u00c7\u00c3O VERDE - IrinasB<\/title>\n<meta name=\"robots\" content=\"index, follow, max-snippet:-1, max-image-preview:large, max-video-preview:-1\" \/>\n<link rel=\"canonical\" href=\"https:\/\/irinasb.com\/en\/product\/colar-coracao-verde\/\" \/>\n<meta property=\"og:locale\" content=\"en_GB\" \/>\n<meta property=\"og:type\" content=\"article\" \/>\n<meta property=\"og:title\" content=\"COLAR CORA\u00c7\u00c3O VERDE - IrinasB\" \/>\n<meta property=\"og:description\" content=\"Uma escolha perfeita para real\u00e7ar a sua eleg\u00e2ncia em qualquer evento ou momento especial.\" \/>\n<meta property=\"og:url\" content=\"https:\/\/irinasb.com\/en\/product\/colar-coracao-verde\/\" \/>\n<meta property=\"og:site_name\" content=\"IrinasB\" \/>\n<meta property=\"article:modified_time\" content=\"2025-02-02T16:59:46+00:00\" \/>\n<meta property=\"og:image\" content=\"https:\/\/irinasb.com\/wp-content\/uploads\/2023\/09\/maxi-verde.jpg\" \/>\n\t<meta property=\"og:image:width\" content=\"800\" \/>\n\t<meta property=\"og:image:height\" content=\"931\" \/>\n\t<meta property=\"og:image:type\" content=\"image\/jpeg\" \/>\n<meta name=\"twitter:card\" content=\"summary_large_image\" \/>\n<meta name=\"twitter:label1\" content=\"Estimated reading time\" \/>\n\t<meta name=\"twitter:data1\" content=\"1 minute\" \/>\n<script type=\"application\/ld+json\" class=\"yoast-schema-graph\">{\"@context\":\"https:\/\/schema.org\",\"@graph\":[{\"@type\":\"WebPage\",\"@id\":\"https:\/\/irinasb.com\/produto\/colar-coracao-verde\/\",\"url\":\"https:\/\/irinasb.com\/produto\/colar-coracao-verde\/\",\"name\":\"COLAR CORA\u00c7\u00c3O VERDE - IrinasB\",\"isPartOf\":{\"@id\":\"https:\/\/irinasb.com\/#website\"},\"primaryImageOfPage\":{\"@id\":\"https:\/\/irinasb.com\/produto\/colar-coracao-verde\/#primaryimage\"},\"image\":{\"@id\":\"https:\/\/irinasb.com\/produto\/colar-coracao-verde\/#primaryimage\"},\"thumbnailUrl\":\"https:\/\/irinasb.com\/wp-content\/uploads\/2023\/09\/maxi-verde.jpg\",\"datePublished\":\"2023-09-27T16:04:05+00:00\",\"dateModified\":\"2025-02-02T16:59:46+00:00\",\"breadcrumb\":{\"@id\":\"https:\/\/irinasb.com\/produto\/colar-coracao-verde\/#breadcrumb\"},\"inLanguage\":\"en-GB\",\"potentialAction\":[{\"@type\":\"ReadAction\",\"target\":[\"https:\/\/irinasb.com\/produto\/colar-coracao-verde\/\"]}]},{\"@type\":\"ImageObject\",\"inLanguage\":\"en-GB\",\"@id\":\"https:\/\/irinasb.com\/produto\/colar-coracao-verde\/#primaryimage\",\"url\":\"https:\/\/irinasb.com\/wp-content\/uploads\/2023\/09\/maxi-verde.jpg\",\"contentUrl\":\"https:\/\/irinasb.com\/wp-content\/uploads\/2023\/09\/maxi-verde.jpg\",\"width\":800,\"height\":931},{\"@type\":\"BreadcrumbList\",\"@id\":\"https:\/\/irinasb.com\/produto\/colar-coracao-verde\/#breadcrumb\",\"itemListElement\":[{\"@type\":\"ListItem\",\"position\":1,\"name\":\"Home\",\"item\":\"https:\/\/irinasb.com\/\"},{\"@type\":\"ListItem\",\"position\":2,\"name\":\"Loja\",\"item\":\"https:\/\/irinasb.com\/loja\/\"},{\"@type\":\"ListItem\",\"position\":3,\"name\":\"COLAR CORA\u00c7\u00c3O VERDE\"}]},{\"@type\":\"WebSite\",\"@id\":\"https:\/\/irinasb.com\/#website\",\"url\":\"https:\/\/irinasb.com\/\",\"name\":\"IrinasB\",\"description\":\"Handmade Dreams\",\"publisher\":{\"@id\":\"https:\/\/irinasb.com\/#organization\"},\"potentialAction\":[{\"@type\":\"SearchAction\",\"target\":{\"@type\":\"EntryPoint\",\"urlTemplate\":\"https:\/\/irinasb.com\/?s={search_term_string}\"},\"query-input\":{\"@type\":\"PropertyValueSpecification\",\"valueRequired\":true,\"valueName\":\"search_term_string\"}}],\"inLanguage\":\"en-GB\"},{\"@type\":\"Organization\",\"@id\":\"https:\/\/irinasb.com\/#organization\",\"name\":\"IrinasB\",\"url\":\"https:\/\/irinasb.com\/\",\"logo\":{\"@type\":\"ImageObject\",\"inLanguage\":\"en-GB\",\"@id\":\"https:\/\/irinasb.com\/#\/schema\/logo\/image\/\",\"url\":\"https:\/\/irinasb.com\/wp-content\/uploads\/2016\/11\/logo.fw_.png\",\"contentUrl\":\"https:\/\/irinasb.com\/wp-content\/uploads\/2016\/11\/logo.fw_.png\",\"width\":900,\"height\":453,\"caption\":\"IrinasB\"},\"image\":{\"@id\":\"https:\/\/irinasb.com\/#\/schema\/logo\/image\/\"}}]}<\/script>\n<!-- \/ Yoast SEO plugin. -->","yoast_head_json":{"title":"COLAR CORA\u00c7\u00c3O VERDE - IrinasB","robots":{"index":"index","follow":"follow","max-snippet":"max-snippet:-1","max-image-preview":"max-image-preview:large","max-video-preview":"max-video-preview:-1"},"canonical":"https:\/\/irinasb.com\/en\/product\/colar-coracao-verde\/","og_locale":"en_GB","og_type":"article","og_title":"COLAR CORA\u00c7\u00c3O VERDE - IrinasB","og_description":"Uma escolha perfeita para real\u00e7ar a sua eleg\u00e2ncia em qualquer evento ou momento especial.","og_url":"https:\/\/irinasb.com\/en\/product\/colar-coracao-verde\/","og_site_name":"IrinasB","article_modified_time":"2025-02-02T16:59:46+00:00","og_image":[{"width":800,"height":931,"url":"https:\/\/irinasb.com\/wp-content\/uploads\/2023\/09\/maxi-verde.jpg","type":"image\/jpeg"}],"twitter_card":"summary_large_image","twitter_misc":{"Estimated reading time":"1 minute"},"schema":{"@context":"https:\/\/schema.org","@graph":[{"@type":"WebPage","@id":"https:\/\/irinasb.com\/produto\/colar-coracao-verde\/","url":"https:\/\/irinasb.com\/produto\/colar-coracao-verde\/","name":"COLAR CORA\u00c7\u00c3O VERDE - IrinasB","isPartOf":{"@id":"https:\/\/irinasb.com\/#website"},"primaryImageOfPage":{"@id":"https:\/\/irinasb.com\/produto\/colar-coracao-verde\/#primaryimage"},"image":{"@id":"https:\/\/irinasb.com\/produto\/colar-coracao-verde\/#primaryimage"},"thumbnailUrl":"https:\/\/irinasb.com\/wp-content\/uploads\/2023\/09\/maxi-verde.jpg","datePublished":"2023-09-27T16:04:05+00:00","dateModified":"2025-02-02T16:59:46+00:00","breadcrumb":{"@id":"https:\/\/irinasb.com\/produto\/colar-coracao-verde\/#breadcrumb"},"inLanguage":"en-GB","potentialAction":[{"@type":"ReadAction","target":["https:\/\/irinasb.com\/produto\/colar-coracao-verde\/"]}]},{"@type":"ImageObject","inLanguage":"en-GB","@id":"https:\/\/irinasb.com\/produto\/colar-coracao-verde\/#primaryimage","url":"https:\/\/irinasb.com\/wp-content\/uploads\/2023\/09\/maxi-verde.jpg","contentUrl":"https:\/\/irinasb.com\/wp-content\/uploads\/2023\/09\/maxi-verde.jpg","width":800,"height":931},{"@type":"BreadcrumbList","@id":"https:\/\/irinasb.com\/produto\/colar-coracao-verde\/#breadcrumb","itemListElement":[{"@type":"ListItem","position":1,"name":"Home","item":"https:\/\/irinasb.com\/"},{"@type":"ListItem","position":2,"name":"Loja","item":"https:\/\/irinasb.com\/loja\/"},{"@type":"ListItem","position":3,"name":"COLAR CORA\u00c7\u00c3O VERDE"}]},{"@type":"WebSite","@id":"https:\/\/irinasb.com\/#website","url":"https:\/\/irinasb.com\/","name":"IrinasB","description":"Handmade Dreams","publisher":{"@id":"https:\/\/irinasb.com\/#organization"},"potentialAction":[{"@type":"SearchAction","target":{"@type":"EntryPoint","urlTemplate":"https:\/\/irinasb.com\/?s={search_term_string}"},"query-input":{"@type":"PropertyValueSpecification","valueRequired":true,"valueName":"search_term_string"}}],"inLanguage":"en-GB"},{"@type":"Organization","@id":"https:\/\/irinasb.com\/#organization","name":"IrinasB","url":"https:\/\/irinasb.com\/","logo":{"@type":"ImageObject","inLanguage":"en-GB","@id":"https:\/\/irinasb.com\/#\/schema\/logo\/image\/","url":"https:\/\/irinasb.com\/wp-content\/uploads\/2016\/11\/logo.fw_.png","contentUrl":"https:\/\/irinasb.com\/wp-content\/uploads\/2016\/11\/logo.fw_.png","width":900,"height":453,"caption":"IrinasB"},"image":{"@id":"https:\/\/irinasb.com\/#\/schema\/logo\/image\/"}}]}},"_links":{"self":[{"href":"https:\/\/irinasb.com\/en\/wp-json\/wp\/v2\/product\/26683","targetHints":{"allow":["GET"]}}],"collection":[{"href":"https:\/\/irinasb.com\/en\/wp-json\/wp\/v2\/product"}],"about":[{"href":"https:\/\/irinasb.com\/en\/wp-json\/wp\/v2\/types\/product"}],"replies":[{"embeddable":true,"href":"https:\/\/irinasb.com\/en\/wp-json\/wp\/v2\/comments?post=26683"}],"wp:featuredmedia":[{"embeddable":true,"href":"https:\/\/irinasb.com\/en\/wp-json\/wp\/v2\/media\/26684"}],"wp:attachment":[{"href":"https:\/\/irinasb.com\/en\/wp-json\/wp\/v2\/media?parent=26683"}],"wp:term":[{"taxonomy":"product_brand","embeddable":true,"href":"https:\/\/irinasb.com\/en\/wp-json\/wp\/v2\/product_brand?post=26683"},{"taxonomy":"product_cat","embeddable":true,"href":"https:\/\/irinasb.com\/en\/wp-json\/wp\/v2\/product_cat?post=26683"},{"taxonomy":"product_tag","embeddable":true,"href":"https:\/\/irinasb.com\/en\/wp-json\/wp\/v2\/product_tag?post=26683"}],"curies":[{"name":"wp","href":"https:\/\/api.w.org\/{rel}","templated":true}]}}