{"id":26653,"date":"2023-09-16T17:38:15","date_gmt":"2023-09-16T17:38:15","guid":{"rendered":"https:\/\/irinasb.com\/?post_type=product&#038;p=26653"},"modified":"2025-05-30T09:58:24","modified_gmt":"2025-05-30T09:58:24","slug":"protecao","status":"publish","type":"product","link":"https:\/\/irinasb.com\/en\/product\/protecao\/","title":{"rendered":"Pulseira Homem Pedras"},"content":{"rendered":"<p>Adjustable bracelet with black stones and steel accessory.<\/p>\n<p>Se tiver d\u00favidas pode falar connosco no <a href=\"https:\/\/www.instagram.com\/irinas_b\/\" target=\"_blank\" rel=\"noopener\">Instagram<\/a>.<\/p>","protected":false},"excerpt":{"rendered":"<p>Pulseira ajust\u00e1vel com pedras pretas e acess\u00f3rio em a\u00e7o. Se tiver d\u00favidas pode falar connosco no Instagram.<\/p>","protected":false},"featured_media":26660,"comment_status":"closed","ping_status":"closed","template":"","meta":[],"product_brand":[],"product_cat":[289],"product_tag":[],"class_list":{"0":"post-26653","1":"product","2":"type-product","3":"status-publish","4":"has-post-thumbnail","6":"product_cat-homem","8":"first","9":"instock","10":"shipping-taxable","11":"purchasable","12":"product-type-simple"},"yoast_head":"<!-- This site is optimized with the Yoast SEO plugin v26.2 - https:\/\/yoast.com\/wordpress\/plugins\/seo\/ -->\n<title>Pulseira Homem Pedras com fecho Ajust\u00e1vel em A\u00e7o | IrinasB<\/title>\n<meta name=\"description\" content=\"Pulseira Homem Pedras pretas e fecho ajust\u00e1vel. Ideal para um look moderno e elegante. Um presente sofisticado e vers\u00e1til. Compra Segura. IrinasB\" \/>\n<meta name=\"robots\" content=\"index, follow, max-snippet:-1, max-image-preview:large, max-video-preview:-1\" \/>\n<link rel=\"canonical\" href=\"https:\/\/irinasb.com\/en\/product\/protecao\/\" \/>\n<meta property=\"og:locale\" content=\"en_GB\" \/>\n<meta property=\"og:type\" content=\"article\" \/>\n<meta property=\"og:title\" content=\"Pulseira Homem Pedras com fecho Ajust\u00e1vel em A\u00e7o | IrinasB\" \/>\n<meta property=\"og:description\" content=\"Pulseira Homem Pedras pretas e fecho ajust\u00e1vel. Ideal para um look moderno e elegante. Um presente sofisticado e vers\u00e1til. Compra Segura. IrinasB\" \/>\n<meta property=\"og:url\" content=\"https:\/\/irinasb.com\/en\/product\/protecao\/\" \/>\n<meta property=\"og:site_name\" content=\"IrinasB\" \/>\n<meta property=\"article:modified_time\" content=\"2025-05-30T09:58:24+00:00\" \/>\n<meta property=\"og:image\" content=\"https:\/\/irinasb.com\/wp-content\/uploads\/2023\/09\/pul-hom.jpg\" \/>\n\t<meta property=\"og:image:width\" content=\"800\" \/>\n\t<meta property=\"og:image:height\" content=\"933\" \/>\n\t<meta property=\"og:image:type\" content=\"image\/jpeg\" \/>\n<meta name=\"twitter:card\" content=\"summary_large_image\" \/>\n<meta name=\"twitter:label1\" content=\"Estimated reading time\" \/>\n\t<meta name=\"twitter:data1\" content=\"1 minute\" \/>\n<script type=\"application\/ld+json\" class=\"yoast-schema-graph\">{\"@context\":\"https:\/\/schema.org\",\"@graph\":[{\"@type\":\"WebPage\",\"@id\":\"https:\/\/irinasb.com\/produto\/protecao\/\",\"url\":\"https:\/\/irinasb.com\/produto\/protecao\/\",\"name\":\"Pulseira Homem Pedras com fecho Ajust\u00e1vel em A\u00e7o | IrinasB\",\"isPartOf\":{\"@id\":\"https:\/\/irinasb.com\/#website\"},\"primaryImageOfPage\":{\"@id\":\"https:\/\/irinasb.com\/produto\/protecao\/#primaryimage\"},\"image\":{\"@id\":\"https:\/\/irinasb.com\/produto\/protecao\/#primaryimage\"},\"thumbnailUrl\":\"https:\/\/irinasb.com\/wp-content\/uploads\/2023\/09\/pul-hom.jpg\",\"datePublished\":\"2023-09-16T17:38:15+00:00\",\"dateModified\":\"2025-05-30T09:58:24+00:00\",\"description\":\"Pulseira Homem Pedras pretas e fecho ajust\u00e1vel. Ideal para um look moderno e elegante. Um presente sofisticado e vers\u00e1til. Compra Segura. IrinasB\",\"breadcrumb\":{\"@id\":\"https:\/\/irinasb.com\/produto\/protecao\/#breadcrumb\"},\"inLanguage\":\"en-GB\",\"potentialAction\":[{\"@type\":\"ReadAction\",\"target\":[\"https:\/\/irinasb.com\/produto\/protecao\/\"]}]},{\"@type\":\"ImageObject\",\"inLanguage\":\"en-GB\",\"@id\":\"https:\/\/irinasb.com\/produto\/protecao\/#primaryimage\",\"url\":\"https:\/\/irinasb.com\/wp-content\/uploads\/2023\/09\/pul-hom.jpg\",\"contentUrl\":\"https:\/\/irinasb.com\/wp-content\/uploads\/2023\/09\/pul-hom.jpg\",\"width\":800,\"height\":933,\"caption\":\"Pulseira ajust\u00e1vel com pedras pretas e acess\u00f3rio em a\u00e7o.\"},{\"@type\":\"BreadcrumbList\",\"@id\":\"https:\/\/irinasb.com\/produto\/protecao\/#breadcrumb\",\"itemListElement\":[{\"@type\":\"ListItem\",\"position\":1,\"name\":\"Home\",\"item\":\"https:\/\/irinasb.com\/\"},{\"@type\":\"ListItem\",\"position\":2,\"name\":\"Loja\",\"item\":\"https:\/\/irinasb.com\/loja\/\"},{\"@type\":\"ListItem\",\"position\":3,\"name\":\"Pulseira Homem Pedras\"}]},{\"@type\":\"WebSite\",\"@id\":\"https:\/\/irinasb.com\/#website\",\"url\":\"https:\/\/irinasb.com\/\",\"name\":\"IrinasB\",\"description\":\"Handmade Dreams\",\"publisher\":{\"@id\":\"https:\/\/irinasb.com\/#organization\"},\"potentialAction\":[{\"@type\":\"SearchAction\",\"target\":{\"@type\":\"EntryPoint\",\"urlTemplate\":\"https:\/\/irinasb.com\/?s={search_term_string}\"},\"query-input\":{\"@type\":\"PropertyValueSpecification\",\"valueRequired\":true,\"valueName\":\"search_term_string\"}}],\"inLanguage\":\"en-GB\"},{\"@type\":\"Organization\",\"@id\":\"https:\/\/irinasb.com\/#organization\",\"name\":\"IrinasB\",\"url\":\"https:\/\/irinasb.com\/\",\"logo\":{\"@type\":\"ImageObject\",\"inLanguage\":\"en-GB\",\"@id\":\"https:\/\/irinasb.com\/#\/schema\/logo\/image\/\",\"url\":\"https:\/\/irinasb.com\/wp-content\/uploads\/2016\/11\/logo.fw_.png\",\"contentUrl\":\"https:\/\/irinasb.com\/wp-content\/uploads\/2016\/11\/logo.fw_.png\",\"width\":900,\"height\":453,\"caption\":\"IrinasB\"},\"image\":{\"@id\":\"https:\/\/irinasb.com\/#\/schema\/logo\/image\/\"}}]}<\/script>\n<!-- \/ Yoast SEO plugin. -->","yoast_head_json":{"title":"Pulseira Homem Pedras com fecho Ajust\u00e1vel em A\u00e7o | IrinasB","description":"Pulseira Homem Pedras pretas e fecho ajust\u00e1vel. Ideal para um look moderno e elegante. Um presente sofisticado e vers\u00e1til. Compra Segura. IrinasB","robots":{"index":"index","follow":"follow","max-snippet":"max-snippet:-1","max-image-preview":"max-image-preview:large","max-video-preview":"max-video-preview:-1"},"canonical":"https:\/\/irinasb.com\/en\/product\/protecao\/","og_locale":"en_GB","og_type":"article","og_title":"Pulseira Homem Pedras com fecho Ajust\u00e1vel em A\u00e7o | IrinasB","og_description":"Pulseira Homem Pedras pretas e fecho ajust\u00e1vel. Ideal para um look moderno e elegante. Um presente sofisticado e vers\u00e1til. Compra Segura. IrinasB","og_url":"https:\/\/irinasb.com\/en\/product\/protecao\/","og_site_name":"IrinasB","article_modified_time":"2025-05-30T09:58:24+00:00","og_image":[{"width":800,"height":933,"url":"https:\/\/irinasb.com\/wp-content\/uploads\/2023\/09\/pul-hom.jpg","type":"image\/jpeg"}],"twitter_card":"summary_large_image","twitter_misc":{"Estimated reading time":"1 minute"},"schema":{"@context":"https:\/\/schema.org","@graph":[{"@type":"WebPage","@id":"https:\/\/irinasb.com\/produto\/protecao\/","url":"https:\/\/irinasb.com\/produto\/protecao\/","name":"Pulseira Homem Pedras com fecho Ajust\u00e1vel em A\u00e7o | IrinasB","isPartOf":{"@id":"https:\/\/irinasb.com\/#website"},"primaryImageOfPage":{"@id":"https:\/\/irinasb.com\/produto\/protecao\/#primaryimage"},"image":{"@id":"https:\/\/irinasb.com\/produto\/protecao\/#primaryimage"},"thumbnailUrl":"https:\/\/irinasb.com\/wp-content\/uploads\/2023\/09\/pul-hom.jpg","datePublished":"2023-09-16T17:38:15+00:00","dateModified":"2025-05-30T09:58:24+00:00","description":"Pulseira Homem Pedras pretas e fecho ajust\u00e1vel. Ideal para um look moderno e elegante. Um presente sofisticado e vers\u00e1til. Compra Segura. IrinasB","breadcrumb":{"@id":"https:\/\/irinasb.com\/produto\/protecao\/#breadcrumb"},"inLanguage":"en-GB","potentialAction":[{"@type":"ReadAction","target":["https:\/\/irinasb.com\/produto\/protecao\/"]}]},{"@type":"ImageObject","inLanguage":"en-GB","@id":"https:\/\/irinasb.com\/produto\/protecao\/#primaryimage","url":"https:\/\/irinasb.com\/wp-content\/uploads\/2023\/09\/pul-hom.jpg","contentUrl":"https:\/\/irinasb.com\/wp-content\/uploads\/2023\/09\/pul-hom.jpg","width":800,"height":933,"caption":"Pulseira ajust\u00e1vel com pedras pretas e acess\u00f3rio em a\u00e7o."},{"@type":"BreadcrumbList","@id":"https:\/\/irinasb.com\/produto\/protecao\/#breadcrumb","itemListElement":[{"@type":"ListItem","position":1,"name":"Home","item":"https:\/\/irinasb.com\/"},{"@type":"ListItem","position":2,"name":"Loja","item":"https:\/\/irinasb.com\/loja\/"},{"@type":"ListItem","position":3,"name":"Pulseira Homem Pedras"}]},{"@type":"WebSite","@id":"https:\/\/irinasb.com\/#website","url":"https:\/\/irinasb.com\/","name":"IrinasB","description":"Handmade Dreams","publisher":{"@id":"https:\/\/irinasb.com\/#organization"},"potentialAction":[{"@type":"SearchAction","target":{"@type":"EntryPoint","urlTemplate":"https:\/\/irinasb.com\/?s={search_term_string}"},"query-input":{"@type":"PropertyValueSpecification","valueRequired":true,"valueName":"search_term_string"}}],"inLanguage":"en-GB"},{"@type":"Organization","@id":"https:\/\/irinasb.com\/#organization","name":"IrinasB","url":"https:\/\/irinasb.com\/","logo":{"@type":"ImageObject","inLanguage":"en-GB","@id":"https:\/\/irinasb.com\/#\/schema\/logo\/image\/","url":"https:\/\/irinasb.com\/wp-content\/uploads\/2016\/11\/logo.fw_.png","contentUrl":"https:\/\/irinasb.com\/wp-content\/uploads\/2016\/11\/logo.fw_.png","width":900,"height":453,"caption":"IrinasB"},"image":{"@id":"https:\/\/irinasb.com\/#\/schema\/logo\/image\/"}}]}},"_links":{"self":[{"href":"https:\/\/irinasb.com\/en\/wp-json\/wp\/v2\/product\/26653","targetHints":{"allow":["GET"]}}],"collection":[{"href":"https:\/\/irinasb.com\/en\/wp-json\/wp\/v2\/product"}],"about":[{"href":"https:\/\/irinasb.com\/en\/wp-json\/wp\/v2\/types\/product"}],"replies":[{"embeddable":true,"href":"https:\/\/irinasb.com\/en\/wp-json\/wp\/v2\/comments?post=26653"}],"wp:featuredmedia":[{"embeddable":true,"href":"https:\/\/irinasb.com\/en\/wp-json\/wp\/v2\/media\/26660"}],"wp:attachment":[{"href":"https:\/\/irinasb.com\/en\/wp-json\/wp\/v2\/media?parent=26653"}],"wp:term":[{"taxonomy":"product_brand","embeddable":true,"href":"https:\/\/irinasb.com\/en\/wp-json\/wp\/v2\/product_brand?post=26653"},{"taxonomy":"product_cat","embeddable":true,"href":"https:\/\/irinasb.com\/en\/wp-json\/wp\/v2\/product_cat?post=26653"},{"taxonomy":"product_tag","embeddable":true,"href":"https:\/\/irinasb.com\/en\/wp-json\/wp\/v2\/product_tag?post=26653"}],"curies":[{"name":"wp","href":"https:\/\/api.w.org\/{rel}","templated":true}]}}