{"id":24160,"date":"2022-03-08T19:24:23","date_gmt":"2022-03-08T19:24:23","guid":{"rendered":"https:\/\/irinasb.com\/?post_type=product&#038;p=24160"},"modified":"2025-07-15T21:29:01","modified_gmt":"2025-07-15T21:29:01","slug":"viana","status":"publish","type":"product","link":"https:\/\/irinasb.com\/en\/product\/viana\/","title":{"rendered":"Colar Azul Cora\u00e7\u00e3o de Viana"},"content":{"rendered":"<ul>\n<li><strong>Materiais de Qualidade:<\/strong> Flores em polipele azul que conferem um toque moderno e sofisticado.<\/li>\n<li><strong>S\u00edmbolo Tradicional:<\/strong> Cora\u00e7\u00e3o de Viana prateado, representando a rica heran\u00e7a cultural portuguesa.<\/li>\n<li><strong>Detalhes Delicados:<\/strong> Bordado com madrep\u00e9rolas coloridas, adicionando um brilho subtil e elegante.<\/li>\n<li><strong>Leveza Incr\u00edvel:<\/strong> Desenhado para ser extremamente leve, garantindo conforto durante todo o dia.<\/li>\n<\/ul>\n<p><strong>Por que Escolher o Colar &#8220;Viana&#8221;:<\/strong><\/p>\n<ul>\n<li><strong>Design Exclusivo:<\/strong> Uma fus\u00e3o perfeita entre tradi\u00e7\u00e3o e modernidade, ideal para quem aprecia acess\u00f3rios \u00fanicos.<\/li>\n<li><strong>Artesanato de Excel\u00eancia:<\/strong> Cada colar \u00e9 cuidadosamente elaborado \u00e0 m\u00e3o, assegurando um produto de alta qualidade.<\/li>\n<li><strong>Conforto Garantido:<\/strong> A leveza do colar permite o uso prolongado sem causar desconforto.<\/li>\n<\/ul>\n<p>Adicione o colar &#8220;Viana&#8221; \u00e0 sua cole\u00e7\u00e3o de acess\u00f3rios e desfrute de uma pe\u00e7a que alia tradi\u00e7\u00e3o, estilo e conforto. Uma escolha perfeita para real\u00e7ar a sua eleg\u00e2ncia em qualquer ocasi\u00e3o.<\/p>\n<p><span style=\"color: #000000;\"><em>Our pieces are manufactured manually, therefore, we do not guarantee that the piece sent is exactly the same as the photograph shown, that is, certain details may vary slightly in position, as well as materials such as cork, which may slightly vary in color. We guarantee an identical piece but never exactly the same!<\/em><\/span><\/p>","protected":false},"excerpt":{"rendered":"<p>Apresentamos o colar &#8220;Viana&#8221;, uma pe\u00e7a artesanal que combina flores em polipele azul com um cora\u00e7\u00e3o de Viana prateado, adornado com madrep\u00e9rolas coloridas. Este colar destaca-se pela sua leveza, proporcionando conforto e eleg\u00e2ncia em qualquer ocasi\u00e3o.<\/p>\n<p>This piece will be manufactured especially for you and therefore the manufacturing time may vary between 2 to 4 days.<\/p>\n<p>It ships in a beautiful box!<\/p>","protected":false},"featured_media":30368,"comment_status":"closed","ping_status":"closed","template":"","meta":[],"product_brand":[],"product_cat":[186],"product_tag":[461,406,491],"class_list":{"0":"post-24160","1":"product","2":"type-product","3":"status-publish","4":"has-post-thumbnail","6":"product_cat-maxicolares","7":"product_tag-colar-azul","8":"product_tag-colar-com-coracao-de-viana","9":"product_tag-colar-com-flores","11":"first","12":"instock","13":"sale","14":"shipping-taxable","15":"purchasable","16":"product-type-simple"},"yoast_head":"<!-- This site is optimized with the Yoast SEO plugin v26.2 - https:\/\/yoast.com\/wordpress\/plugins\/seo\/ -->\n<title>Colar Azul Cora\u00e7\u00e3o de Viana - IrinasB<\/title>\n<meta name=\"robots\" content=\"index, follow, max-snippet:-1, max-image-preview:large, max-video-preview:-1\" \/>\n<link rel=\"canonical\" href=\"https:\/\/irinasb.com\/en\/product\/viana\/\" \/>\n<meta property=\"og:locale\" content=\"en_GB\" \/>\n<meta property=\"og:type\" content=\"article\" \/>\n<meta property=\"og:title\" content=\"Colar Azul Cora\u00e7\u00e3o de Viana - IrinasB\" \/>\n<meta property=\"og:description\" content=\"Apresentamos o colar &quot;Viana&quot;, uma pe\u00e7a artesanal que combina flores em polipele azul com um cora\u00e7\u00e3o de Viana prateado, adornado com madrep\u00e9rolas coloridas. Este colar destaca-se pela sua leveza, proporcionando conforto e eleg\u00e2ncia em qualquer ocasi\u00e3o.  Esta pe\u00e7a ser\u00e1 fabricada especialmente para si e por isso o tempo de fabrico poder\u00e1 variar entre 2 a 4 dias.  \u00c9 enviado numa bonita caixa!\" \/>\n<meta property=\"og:url\" content=\"https:\/\/irinasb.com\/en\/product\/viana\/\" \/>\n<meta property=\"og:site_name\" content=\"IrinasB\" \/>\n<meta property=\"article:modified_time\" content=\"2025-07-15T21:29:01+00:00\" \/>\n<meta property=\"og:image\" content=\"https:\/\/irinasb.com\/wp-content\/uploads\/2022\/03\/COLAR-AZUL-CORACAO-VIANA1.jpg\" \/>\n\t<meta property=\"og:image:width\" content=\"800\" \/>\n\t<meta property=\"og:image:height\" content=\"929\" \/>\n\t<meta property=\"og:image:type\" content=\"image\/jpeg\" \/>\n<meta name=\"twitter:card\" content=\"summary_large_image\" \/>\n<meta name=\"twitter:label1\" content=\"Estimated reading time\" \/>\n\t<meta name=\"twitter:data1\" content=\"2 minutes\" \/>\n<script type=\"application\/ld+json\" class=\"yoast-schema-graph\">{\"@context\":\"https:\/\/schema.org\",\"@graph\":[{\"@type\":\"WebPage\",\"@id\":\"https:\/\/irinasb.com\/produto\/viana\/\",\"url\":\"https:\/\/irinasb.com\/produto\/viana\/\",\"name\":\"Colar Azul Cora\u00e7\u00e3o de Viana - IrinasB\",\"isPartOf\":{\"@id\":\"https:\/\/irinasb.com\/#website\"},\"primaryImageOfPage\":{\"@id\":\"https:\/\/irinasb.com\/produto\/viana\/#primaryimage\"},\"image\":{\"@id\":\"https:\/\/irinasb.com\/produto\/viana\/#primaryimage\"},\"thumbnailUrl\":\"https:\/\/irinasb.com\/wp-content\/uploads\/2022\/03\/COLAR-AZUL-CORACAO-VIANA1.jpg\",\"datePublished\":\"2022-03-08T19:24:23+00:00\",\"dateModified\":\"2025-07-15T21:29:01+00:00\",\"breadcrumb\":{\"@id\":\"https:\/\/irinasb.com\/produto\/viana\/#breadcrumb\"},\"inLanguage\":\"en-GB\",\"potentialAction\":[{\"@type\":\"ReadAction\",\"target\":[\"https:\/\/irinasb.com\/produto\/viana\/\"]}]},{\"@type\":\"ImageObject\",\"inLanguage\":\"en-GB\",\"@id\":\"https:\/\/irinasb.com\/produto\/viana\/#primaryimage\",\"url\":\"https:\/\/irinasb.com\/wp-content\/uploads\/2022\/03\/COLAR-AZUL-CORACAO-VIANA1.jpg\",\"contentUrl\":\"https:\/\/irinasb.com\/wp-content\/uploads\/2022\/03\/COLAR-AZUL-CORACAO-VIANA1.jpg\",\"width\":800,\"height\":929},{\"@type\":\"BreadcrumbList\",\"@id\":\"https:\/\/irinasb.com\/produto\/viana\/#breadcrumb\",\"itemListElement\":[{\"@type\":\"ListItem\",\"position\":1,\"name\":\"Home\",\"item\":\"https:\/\/irinasb.com\/\"},{\"@type\":\"ListItem\",\"position\":2,\"name\":\"Loja\",\"item\":\"https:\/\/irinasb.com\/loja\/\"},{\"@type\":\"ListItem\",\"position\":3,\"name\":\"Colar Azul Cora\u00e7\u00e3o de Viana\"}]},{\"@type\":\"WebSite\",\"@id\":\"https:\/\/irinasb.com\/#website\",\"url\":\"https:\/\/irinasb.com\/\",\"name\":\"IrinasB\",\"description\":\"Handmade Dreams\",\"publisher\":{\"@id\":\"https:\/\/irinasb.com\/#organization\"},\"potentialAction\":[{\"@type\":\"SearchAction\",\"target\":{\"@type\":\"EntryPoint\",\"urlTemplate\":\"https:\/\/irinasb.com\/?s={search_term_string}\"},\"query-input\":{\"@type\":\"PropertyValueSpecification\",\"valueRequired\":true,\"valueName\":\"search_term_string\"}}],\"inLanguage\":\"en-GB\"},{\"@type\":\"Organization\",\"@id\":\"https:\/\/irinasb.com\/#organization\",\"name\":\"IrinasB\",\"url\":\"https:\/\/irinasb.com\/\",\"logo\":{\"@type\":\"ImageObject\",\"inLanguage\":\"en-GB\",\"@id\":\"https:\/\/irinasb.com\/#\/schema\/logo\/image\/\",\"url\":\"https:\/\/irinasb.com\/wp-content\/uploads\/2016\/11\/logo.fw_.png\",\"contentUrl\":\"https:\/\/irinasb.com\/wp-content\/uploads\/2016\/11\/logo.fw_.png\",\"width\":900,\"height\":453,\"caption\":\"IrinasB\"},\"image\":{\"@id\":\"https:\/\/irinasb.com\/#\/schema\/logo\/image\/\"}}]}<\/script>\n<!-- \/ Yoast SEO plugin. -->","yoast_head_json":{"title":"Colar Azul Cora\u00e7\u00e3o de Viana - IrinasB","robots":{"index":"index","follow":"follow","max-snippet":"max-snippet:-1","max-image-preview":"max-image-preview:large","max-video-preview":"max-video-preview:-1"},"canonical":"https:\/\/irinasb.com\/en\/product\/viana\/","og_locale":"en_GB","og_type":"article","og_title":"Colar Azul Cora\u00e7\u00e3o de Viana - IrinasB","og_description":"Apresentamos o colar \"Viana\", uma pe\u00e7a artesanal que combina flores em polipele azul com um cora\u00e7\u00e3o de Viana prateado, adornado com madrep\u00e9rolas coloridas. Este colar destaca-se pela sua leveza, proporcionando conforto e eleg\u00e2ncia em qualquer ocasi\u00e3o.  Esta pe\u00e7a ser\u00e1 fabricada especialmente para si e por isso o tempo de fabrico poder\u00e1 variar entre 2 a 4 dias.  \u00c9 enviado numa bonita caixa!","og_url":"https:\/\/irinasb.com\/en\/product\/viana\/","og_site_name":"IrinasB","article_modified_time":"2025-07-15T21:29:01+00:00","og_image":[{"width":800,"height":929,"url":"https:\/\/irinasb.com\/wp-content\/uploads\/2022\/03\/COLAR-AZUL-CORACAO-VIANA1.jpg","type":"image\/jpeg"}],"twitter_card":"summary_large_image","twitter_misc":{"Estimated reading time":"2 minutes"},"schema":{"@context":"https:\/\/schema.org","@graph":[{"@type":"WebPage","@id":"https:\/\/irinasb.com\/produto\/viana\/","url":"https:\/\/irinasb.com\/produto\/viana\/","name":"Colar Azul Cora\u00e7\u00e3o de Viana - IrinasB","isPartOf":{"@id":"https:\/\/irinasb.com\/#website"},"primaryImageOfPage":{"@id":"https:\/\/irinasb.com\/produto\/viana\/#primaryimage"},"image":{"@id":"https:\/\/irinasb.com\/produto\/viana\/#primaryimage"},"thumbnailUrl":"https:\/\/irinasb.com\/wp-content\/uploads\/2022\/03\/COLAR-AZUL-CORACAO-VIANA1.jpg","datePublished":"2022-03-08T19:24:23+00:00","dateModified":"2025-07-15T21:29:01+00:00","breadcrumb":{"@id":"https:\/\/irinasb.com\/produto\/viana\/#breadcrumb"},"inLanguage":"en-GB","potentialAction":[{"@type":"ReadAction","target":["https:\/\/irinasb.com\/produto\/viana\/"]}]},{"@type":"ImageObject","inLanguage":"en-GB","@id":"https:\/\/irinasb.com\/produto\/viana\/#primaryimage","url":"https:\/\/irinasb.com\/wp-content\/uploads\/2022\/03\/COLAR-AZUL-CORACAO-VIANA1.jpg","contentUrl":"https:\/\/irinasb.com\/wp-content\/uploads\/2022\/03\/COLAR-AZUL-CORACAO-VIANA1.jpg","width":800,"height":929},{"@type":"BreadcrumbList","@id":"https:\/\/irinasb.com\/produto\/viana\/#breadcrumb","itemListElement":[{"@type":"ListItem","position":1,"name":"Home","item":"https:\/\/irinasb.com\/"},{"@type":"ListItem","position":2,"name":"Loja","item":"https:\/\/irinasb.com\/loja\/"},{"@type":"ListItem","position":3,"name":"Colar Azul Cora\u00e7\u00e3o de Viana"}]},{"@type":"WebSite","@id":"https:\/\/irinasb.com\/#website","url":"https:\/\/irinasb.com\/","name":"IrinasB","description":"Handmade Dreams","publisher":{"@id":"https:\/\/irinasb.com\/#organization"},"potentialAction":[{"@type":"SearchAction","target":{"@type":"EntryPoint","urlTemplate":"https:\/\/irinasb.com\/?s={search_term_string}"},"query-input":{"@type":"PropertyValueSpecification","valueRequired":true,"valueName":"search_term_string"}}],"inLanguage":"en-GB"},{"@type":"Organization","@id":"https:\/\/irinasb.com\/#organization","name":"IrinasB","url":"https:\/\/irinasb.com\/","logo":{"@type":"ImageObject","inLanguage":"en-GB","@id":"https:\/\/irinasb.com\/#\/schema\/logo\/image\/","url":"https:\/\/irinasb.com\/wp-content\/uploads\/2016\/11\/logo.fw_.png","contentUrl":"https:\/\/irinasb.com\/wp-content\/uploads\/2016\/11\/logo.fw_.png","width":900,"height":453,"caption":"IrinasB"},"image":{"@id":"https:\/\/irinasb.com\/#\/schema\/logo\/image\/"}}]}},"_links":{"self":[{"href":"https:\/\/irinasb.com\/en\/wp-json\/wp\/v2\/product\/24160","targetHints":{"allow":["GET"]}}],"collection":[{"href":"https:\/\/irinasb.com\/en\/wp-json\/wp\/v2\/product"}],"about":[{"href":"https:\/\/irinasb.com\/en\/wp-json\/wp\/v2\/types\/product"}],"replies":[{"embeddable":true,"href":"https:\/\/irinasb.com\/en\/wp-json\/wp\/v2\/comments?post=24160"}],"wp:featuredmedia":[{"embeddable":true,"href":"https:\/\/irinasb.com\/en\/wp-json\/wp\/v2\/media\/30368"}],"wp:attachment":[{"href":"https:\/\/irinasb.com\/en\/wp-json\/wp\/v2\/media?parent=24160"}],"wp:term":[{"taxonomy":"product_brand","embeddable":true,"href":"https:\/\/irinasb.com\/en\/wp-json\/wp\/v2\/product_brand?post=24160"},{"taxonomy":"product_cat","embeddable":true,"href":"https:\/\/irinasb.com\/en\/wp-json\/wp\/v2\/product_cat?post=24160"},{"taxonomy":"product_tag","embeddable":true,"href":"https:\/\/irinasb.com\/en\/wp-json\/wp\/v2\/product_tag?post=24160"}],"curies":[{"name":"wp","href":"https:\/\/api.w.org\/{rel}","templated":true}]}}