{"id":22546,"date":"2021-01-26T15:40:41","date_gmt":"2021-01-26T15:40:41","guid":{"rendered":"https:\/\/irinasb.com\/?post_type=product&#038;p=22546"},"modified":"2025-05-22T15:15:04","modified_gmt":"2025-05-22T15:15:04","slug":"porta-canetas-eca-de-queiros","status":"publish","type":"product","link":"https:\/\/irinasb.com\/en\/product\/porta-canetas-eca-de-queiros\/","title":{"rendered":"Porta Canetas Madeira E\u00e7a de Queir\u00f3s"},"content":{"rendered":"<ul data-start=\"187\" data-end=\"529\">\n<li class=\"\" data-start=\"187\" data-end=\"306\">\n<p class=\"\" data-start=\"189\" data-end=\"306\"><strong data-start=\"189\" data-end=\"224\">Design Inteligente e Funcional:<\/strong>\u00a0<span class=\"relative -mx-px my-[-0.2rem] rounded px-px py-[0.2rem]\">Estrutura desmont\u00e1vel que facilita o armazenamento e transporte, adaptando-se \u00e0s suas necessidades.<\/span>\u200b<\/p>\n<\/li>\n<li class=\"\" data-start=\"308\" data-end=\"418\">\n<p class=\"\" data-start=\"310\" data-end=\"418\"><strong data-start=\"310\" data-end=\"336\">Material:<\/strong>\u00a0<span class=\"relative -mx-px my-[-0.2rem] rounded px-px py-[0.2rem]\">Fabricado em madeira, oferece durabilidade e um toque r\u00fastico e sofisticado ao seu espa\u00e7o de trabalho.<\/span>\u200b<\/p>\n<\/li>\n<li class=\"\" data-start=\"420\" data-end=\"529\">\n<p class=\"\" data-start=\"422\" data-end=\"529\"><strong data-start=\"422\" data-end=\"447\">Inspira\u00e7\u00e3o Liter\u00e1ria:<\/strong>\u00a0<span class=\"relative -mx-px my-[-0.2rem] rounded px-px py-[0.2rem]\">Grava\u00e7\u00e3o a laser de um poema de um poeta portugu\u00eas, proporcionando um ambiente de trabalho mais inspirador e culturalmente enriquecido.<\/span>\u200b<\/p>\n<\/li>\n<\/ul>\n<p class=\"\" data-start=\"531\" data-end=\"571\"><strong data-start=\"531\" data-end=\"571\">Por Que Escolher Este Porta-Canetas?<\/strong><\/p>\n<p class=\"\" data-start=\"573\" data-end=\"694\"><span class=\"relative -mx-px my-[-0.2rem] rounded px-px py-[0.2rem]\">Este acess\u00f3rio n\u00e3o \u00e9 apenas um organizador de materiais de escrita, mas tamb\u00e9m uma pe\u00e7a decorativa que reflete a riqueza da literatura portuguesa.<\/span>\u00a0<span class=\"relative -mx-px my-[-0.2rem] rounded px-px py-[0.2rem]\">Ideal para amantes da poesia, \u00e9 uma excelente op\u00e7\u00e3o de presente ou para uso pessoal.<\/span>\u200b<\/p>\n<p class=\"\" data-start=\"696\" data-end=\"724\"><strong data-start=\"696\" data-end=\"724\">Sugest\u00f5es de Utiliza\u00e7\u00e3o:<\/strong><\/p>\n<ul data-start=\"726\" data-end=\"1069\">\n<li class=\"\" data-start=\"726\" data-end=\"839\">\n<p class=\"\" data-start=\"728\" data-end=\"839\"><strong data-start=\"728\" data-end=\"753\">Ambiente de Trabalho:<\/strong>\u00a0<span class=\"relative -mx-px my-[-0.2rem] rounded px-px py-[0.2rem]\">Adicione um toque de cultura e organiza\u00e7\u00e3o \u00e0 sua secret\u00e1ria, mantendo canetas e l\u00e1pis sempre \u00e0 m\u00e3o.<\/span>\u200b<\/p>\n<\/li>\n<li class=\"\" data-start=\"841\" data-end=\"951\">\n<p class=\"\" data-start=\"843\" data-end=\"951\"><strong data-start=\"843\" data-end=\"865\">Presente Especial:<\/strong>\u00a0<span class=\"relative -mx-px my-[-0.2rem] rounded px-px py-[0.2rem]\">Surpreenda amigos, familiares ou colegas com um presente \u00fanico que combina funcionalidade e aprecia\u00e7\u00e3o liter\u00e1ria.<\/span><\/p>\n<\/li>\n<\/ul>","protected":false},"excerpt":{"rendered":"<p>A escolha perfeita para homens que apreciam organiza\u00e7\u00e3o e literatura.<\/p>","protected":false},"featured_media":22547,"comment_status":"closed","ping_status":"closed","template":"","meta":[],"product_brand":[],"product_cat":[289,204],"product_tag":[656,657,653,658],"class_list":{"0":"post-22546","1":"product","2":"type-product","3":"status-publish","4":"has-post-thumbnail","6":"product_cat-homem","7":"product_cat-presentes-para-todas-as-ocasioes","8":"product_tag-porta-canetas","9":"product_tag-porta-canetas-em-madeira","10":"product_tag-presentes-para-homem","11":"product_tag-secretaria","13":"first","14":"instock","15":"shipping-taxable","16":"purchasable","17":"product-type-simple"},"yoast_head":"<!-- This site is optimized with the Yoast SEO plugin v26.2 - https:\/\/yoast.com\/wordpress\/plugins\/seo\/ -->\n<title>Porta Canetas Madeira E\u00e7a de Queir\u00f3s - IrinasB<\/title>\n<meta name=\"description\" content=\"Porta Canetas em Madeira com verso de E\u00e7a de Queir\u00f3s.\" \/>\n<meta name=\"robots\" content=\"index, follow, max-snippet:-1, max-image-preview:large, max-video-preview:-1\" \/>\n<link rel=\"canonical\" href=\"https:\/\/irinasb.com\/en\/product\/porta-canetas-eca-de-queiros\/\" \/>\n<meta property=\"og:locale\" content=\"en_GB\" \/>\n<meta property=\"og:type\" content=\"article\" \/>\n<meta property=\"og:title\" content=\"Porta Canetas Madeira E\u00e7a de Queir\u00f3s - IrinasB\" \/>\n<meta property=\"og:description\" content=\"Porta Canetas em Madeira com verso de E\u00e7a de Queir\u00f3s.\" \/>\n<meta property=\"og:url\" content=\"https:\/\/irinasb.com\/en\/product\/porta-canetas-eca-de-queiros\/\" \/>\n<meta property=\"og:site_name\" content=\"IrinasB\" \/>\n<meta property=\"article:modified_time\" content=\"2025-05-22T15:15:04+00:00\" \/>\n<meta property=\"og:image\" content=\"https:\/\/irinasb.com\/wp-content\/uploads\/2021\/01\/20210126_103959-01.jpg\" \/>\n\t<meta property=\"og:image:width\" content=\"800\" \/>\n\t<meta property=\"og:image:height\" content=\"940\" \/>\n\t<meta property=\"og:image:type\" content=\"image\/jpeg\" \/>\n<meta name=\"twitter:card\" content=\"summary_large_image\" \/>\n<meta name=\"twitter:label1\" content=\"Estimated reading time\" \/>\n\t<meta name=\"twitter:data1\" content=\"1 minute\" \/>\n<script type=\"application\/ld+json\" class=\"yoast-schema-graph\">{\"@context\":\"https:\/\/schema.org\",\"@graph\":[{\"@type\":\"WebPage\",\"@id\":\"https:\/\/irinasb.com\/produto\/porta-canetas-eca-de-queiros\/\",\"url\":\"https:\/\/irinasb.com\/produto\/porta-canetas-eca-de-queiros\/\",\"name\":\"Porta Canetas Madeira E\u00e7a de Queir\u00f3s - IrinasB\",\"isPartOf\":{\"@id\":\"https:\/\/irinasb.com\/#website\"},\"primaryImageOfPage\":{\"@id\":\"https:\/\/irinasb.com\/produto\/porta-canetas-eca-de-queiros\/#primaryimage\"},\"image\":{\"@id\":\"https:\/\/irinasb.com\/produto\/porta-canetas-eca-de-queiros\/#primaryimage\"},\"thumbnailUrl\":\"https:\/\/irinasb.com\/wp-content\/uploads\/2021\/01\/20210126_103959-01.jpg\",\"datePublished\":\"2021-01-26T15:40:41+00:00\",\"dateModified\":\"2025-05-22T15:15:04+00:00\",\"description\":\"Porta Canetas em Madeira com verso de E\u00e7a de Queir\u00f3s.\",\"breadcrumb\":{\"@id\":\"https:\/\/irinasb.com\/produto\/porta-canetas-eca-de-queiros\/#breadcrumb\"},\"inLanguage\":\"en-GB\",\"potentialAction\":[{\"@type\":\"ReadAction\",\"target\":[\"https:\/\/irinasb.com\/produto\/porta-canetas-eca-de-queiros\/\"]}]},{\"@type\":\"ImageObject\",\"inLanguage\":\"en-GB\",\"@id\":\"https:\/\/irinasb.com\/produto\/porta-canetas-eca-de-queiros\/#primaryimage\",\"url\":\"https:\/\/irinasb.com\/wp-content\/uploads\/2021\/01\/20210126_103959-01.jpg\",\"contentUrl\":\"https:\/\/irinasb.com\/wp-content\/uploads\/2021\/01\/20210126_103959-01.jpg\",\"width\":800,\"height\":940},{\"@type\":\"BreadcrumbList\",\"@id\":\"https:\/\/irinasb.com\/produto\/porta-canetas-eca-de-queiros\/#breadcrumb\",\"itemListElement\":[{\"@type\":\"ListItem\",\"position\":1,\"name\":\"Home\",\"item\":\"https:\/\/irinasb.com\/\"},{\"@type\":\"ListItem\",\"position\":2,\"name\":\"Loja\",\"item\":\"https:\/\/irinasb.com\/loja\/\"},{\"@type\":\"ListItem\",\"position\":3,\"name\":\"Porta Canetas Madeira E\u00e7a de Queir\u00f3s\"}]},{\"@type\":\"WebSite\",\"@id\":\"https:\/\/irinasb.com\/#website\",\"url\":\"https:\/\/irinasb.com\/\",\"name\":\"IrinasB\",\"description\":\"Handmade Dreams\",\"publisher\":{\"@id\":\"https:\/\/irinasb.com\/#organization\"},\"potentialAction\":[{\"@type\":\"SearchAction\",\"target\":{\"@type\":\"EntryPoint\",\"urlTemplate\":\"https:\/\/irinasb.com\/?s={search_term_string}\"},\"query-input\":{\"@type\":\"PropertyValueSpecification\",\"valueRequired\":true,\"valueName\":\"search_term_string\"}}],\"inLanguage\":\"en-GB\"},{\"@type\":\"Organization\",\"@id\":\"https:\/\/irinasb.com\/#organization\",\"name\":\"IrinasB\",\"url\":\"https:\/\/irinasb.com\/\",\"logo\":{\"@type\":\"ImageObject\",\"inLanguage\":\"en-GB\",\"@id\":\"https:\/\/irinasb.com\/#\/schema\/logo\/image\/\",\"url\":\"https:\/\/irinasb.com\/wp-content\/uploads\/2016\/11\/logo.fw_.png\",\"contentUrl\":\"https:\/\/irinasb.com\/wp-content\/uploads\/2016\/11\/logo.fw_.png\",\"width\":900,\"height\":453,\"caption\":\"IrinasB\"},\"image\":{\"@id\":\"https:\/\/irinasb.com\/#\/schema\/logo\/image\/\"}}]}<\/script>\n<!-- \/ Yoast SEO plugin. -->","yoast_head_json":{"title":"Porta Canetas Madeira E\u00e7a de Queir\u00f3s - IrinasB","description":"Porta Canetas em Madeira com verso de E\u00e7a de Queir\u00f3s.","robots":{"index":"index","follow":"follow","max-snippet":"max-snippet:-1","max-image-preview":"max-image-preview:large","max-video-preview":"max-video-preview:-1"},"canonical":"https:\/\/irinasb.com\/en\/product\/porta-canetas-eca-de-queiros\/","og_locale":"en_GB","og_type":"article","og_title":"Porta Canetas Madeira E\u00e7a de Queir\u00f3s - IrinasB","og_description":"Porta Canetas em Madeira com verso de E\u00e7a de Queir\u00f3s.","og_url":"https:\/\/irinasb.com\/en\/product\/porta-canetas-eca-de-queiros\/","og_site_name":"IrinasB","article_modified_time":"2025-05-22T15:15:04+00:00","og_image":[{"width":800,"height":940,"url":"https:\/\/irinasb.com\/wp-content\/uploads\/2021\/01\/20210126_103959-01.jpg","type":"image\/jpeg"}],"twitter_card":"summary_large_image","twitter_misc":{"Estimated reading time":"1 minute"},"schema":{"@context":"https:\/\/schema.org","@graph":[{"@type":"WebPage","@id":"https:\/\/irinasb.com\/produto\/porta-canetas-eca-de-queiros\/","url":"https:\/\/irinasb.com\/produto\/porta-canetas-eca-de-queiros\/","name":"Porta Canetas Madeira E\u00e7a de Queir\u00f3s - IrinasB","isPartOf":{"@id":"https:\/\/irinasb.com\/#website"},"primaryImageOfPage":{"@id":"https:\/\/irinasb.com\/produto\/porta-canetas-eca-de-queiros\/#primaryimage"},"image":{"@id":"https:\/\/irinasb.com\/produto\/porta-canetas-eca-de-queiros\/#primaryimage"},"thumbnailUrl":"https:\/\/irinasb.com\/wp-content\/uploads\/2021\/01\/20210126_103959-01.jpg","datePublished":"2021-01-26T15:40:41+00:00","dateModified":"2025-05-22T15:15:04+00:00","description":"Porta Canetas em Madeira com verso de E\u00e7a de Queir\u00f3s.","breadcrumb":{"@id":"https:\/\/irinasb.com\/produto\/porta-canetas-eca-de-queiros\/#breadcrumb"},"inLanguage":"en-GB","potentialAction":[{"@type":"ReadAction","target":["https:\/\/irinasb.com\/produto\/porta-canetas-eca-de-queiros\/"]}]},{"@type":"ImageObject","inLanguage":"en-GB","@id":"https:\/\/irinasb.com\/produto\/porta-canetas-eca-de-queiros\/#primaryimage","url":"https:\/\/irinasb.com\/wp-content\/uploads\/2021\/01\/20210126_103959-01.jpg","contentUrl":"https:\/\/irinasb.com\/wp-content\/uploads\/2021\/01\/20210126_103959-01.jpg","width":800,"height":940},{"@type":"BreadcrumbList","@id":"https:\/\/irinasb.com\/produto\/porta-canetas-eca-de-queiros\/#breadcrumb","itemListElement":[{"@type":"ListItem","position":1,"name":"Home","item":"https:\/\/irinasb.com\/"},{"@type":"ListItem","position":2,"name":"Loja","item":"https:\/\/irinasb.com\/loja\/"},{"@type":"ListItem","position":3,"name":"Porta Canetas Madeira E\u00e7a de Queir\u00f3s"}]},{"@type":"WebSite","@id":"https:\/\/irinasb.com\/#website","url":"https:\/\/irinasb.com\/","name":"IrinasB","description":"Handmade Dreams","publisher":{"@id":"https:\/\/irinasb.com\/#organization"},"potentialAction":[{"@type":"SearchAction","target":{"@type":"EntryPoint","urlTemplate":"https:\/\/irinasb.com\/?s={search_term_string}"},"query-input":{"@type":"PropertyValueSpecification","valueRequired":true,"valueName":"search_term_string"}}],"inLanguage":"en-GB"},{"@type":"Organization","@id":"https:\/\/irinasb.com\/#organization","name":"IrinasB","url":"https:\/\/irinasb.com\/","logo":{"@type":"ImageObject","inLanguage":"en-GB","@id":"https:\/\/irinasb.com\/#\/schema\/logo\/image\/","url":"https:\/\/irinasb.com\/wp-content\/uploads\/2016\/11\/logo.fw_.png","contentUrl":"https:\/\/irinasb.com\/wp-content\/uploads\/2016\/11\/logo.fw_.png","width":900,"height":453,"caption":"IrinasB"},"image":{"@id":"https:\/\/irinasb.com\/#\/schema\/logo\/image\/"}}]}},"_links":{"self":[{"href":"https:\/\/irinasb.com\/en\/wp-json\/wp\/v2\/product\/22546","targetHints":{"allow":["GET"]}}],"collection":[{"href":"https:\/\/irinasb.com\/en\/wp-json\/wp\/v2\/product"}],"about":[{"href":"https:\/\/irinasb.com\/en\/wp-json\/wp\/v2\/types\/product"}],"replies":[{"embeddable":true,"href":"https:\/\/irinasb.com\/en\/wp-json\/wp\/v2\/comments?post=22546"}],"wp:featuredmedia":[{"embeddable":true,"href":"https:\/\/irinasb.com\/en\/wp-json\/wp\/v2\/media\/22547"}],"wp:attachment":[{"href":"https:\/\/irinasb.com\/en\/wp-json\/wp\/v2\/media?parent=22546"}],"wp:term":[{"taxonomy":"product_brand","embeddable":true,"href":"https:\/\/irinasb.com\/en\/wp-json\/wp\/v2\/product_brand?post=22546"},{"taxonomy":"product_cat","embeddable":true,"href":"https:\/\/irinasb.com\/en\/wp-json\/wp\/v2\/product_cat?post=22546"},{"taxonomy":"product_tag","embeddable":true,"href":"https:\/\/irinasb.com\/en\/wp-json\/wp\/v2\/product_tag?post=22546"}],"curies":[{"name":"wp","href":"https:\/\/api.w.org\/{rel}","templated":true}]}}