{"id":18094,"date":"2020-02-24T18:08:52","date_gmt":"2020-02-24T18:08:52","guid":{"rendered":"https:\/\/irinasb.com\/?post_type=product&#038;p=18094"},"modified":"2025-05-21T15:37:17","modified_gmt":"2025-05-21T15:37:17","slug":"thunder","status":"publish","type":"product","link":"https:\/\/irinasb.com\/en\/product\/thunder\/","title":{"rendered":"Colar Flores Cinza e Correntes"},"content":{"rendered":"<ul>\n<li><strong>Materiais de Qualidade:<\/strong> Flores em polipele prateada texturizada que conferem um toque sofisticado e contempor\u00e2neo.<\/li>\n<li><strong>Detalhes em A\u00e7o Dourado:<\/strong> Correntes em a\u00e7o dourado que adicionam um brilho luxuoso e durabilidade \u00e0 pe\u00e7a.<\/li>\n<li><strong>Leveza Incr\u00edvel:<\/strong> Desenhado para ser extremamente leve, garantindo conforto durante todo o dia.<\/li>\n<\/ul>\n<p><strong>Por que Escolher o Colar &#8220;Thunder&#8221;:<\/strong><\/p>\n<ul>\n<li><strong>Design Vers\u00e1til:<\/strong> Perfeito para complementar tanto looks casuais quanto formais, adicionando um toque de eleg\u00e2ncia.<\/li>\n<li><strong>Artesanato de Excel\u00eancia:<\/strong> Cada colar \u00e9 cuidadosamente elaborado \u00e0 m\u00e3o, assegurando um produto \u00fanico e de alta qualidade.<\/li>\n<li><strong>Conforto Garantido:<\/strong> A leveza do colar permite o uso prolongado sem causar desconforto.<\/li>\n<\/ul>\n<p><span style=\"color: #000000;\"><em>Our pieces are manufactured manually, therefore, we do not guarantee that the piece sent is exactly the same as the photograph shown, that is, certain details may vary slightly in position, as well as materials such as cork, which may slightly vary in color. We guarantee an identical piece but never exactly the same!<\/em><\/span><\/p>","protected":false},"excerpt":{"rendered":"<p>Um colar artesanal \u00fanico, diferente e ousado, que combina flores em polipele prateada texturizada com correntes em a\u00e7o dourado, criando um contraste elegante e moderno. Este colar destaca-se pela sua leveza, proporcionando conforto sem comprometer o estilo.<\/p>\n<p>This piece will be manufactured especially for you and therefore the manufacturing time may vary between 2 to 4 days.<\/p>\n<p>It ships in a beautiful box!<\/p>","protected":false},"featured_media":18095,"comment_status":"closed","ping_status":"closed","template":"","meta":[],"product_brand":[],"product_cat":[186],"product_tag":[489,488,491],"class_list":{"0":"post-18094","1":"product","2":"type-product","3":"status-publish","4":"has-post-thumbnail","6":"product_cat-maxicolares","7":"product_tag-colar-cinzento","8":"product_tag-colar-com-correntes-douradas","9":"product_tag-colar-com-flores","11":"first","12":"instock","13":"shipping-taxable","14":"purchasable","15":"product-type-simple"},"yoast_head":"<!-- This site is optimized with the Yoast SEO plugin v26.2 - https:\/\/yoast.com\/wordpress\/plugins\/seo\/ -->\n<title>Colar Flores Cinza e Correntes - IrinasB<\/title>\n<meta name=\"robots\" content=\"index, follow, max-snippet:-1, max-image-preview:large, max-video-preview:-1\" \/>\n<link rel=\"canonical\" href=\"https:\/\/irinasb.com\/en\/product\/thunder\/\" \/>\n<meta property=\"og:locale\" content=\"en_GB\" \/>\n<meta property=\"og:type\" content=\"article\" \/>\n<meta property=\"og:title\" content=\"Colar Flores Cinza e Correntes - IrinasB\" \/>\n<meta property=\"og:description\" content=\"Um colar artesanal \u00fanico, diferente e ousado, que combina flores em polipele prateada texturizada com correntes em a\u00e7o dourado, criando um contraste elegante e moderno. Este colar destaca-se pela sua leveza, proporcionando conforto sem comprometer o estilo.  Esta pe\u00e7a ser\u00e1 fabricada especialmente para si e por isso o tempo de fabrico poder\u00e1 variar entre 2 a 4 dias.  \u00c9 enviado numa bonita caixa!\" \/>\n<meta property=\"og:url\" content=\"https:\/\/irinasb.com\/en\/product\/thunder\/\" \/>\n<meta property=\"og:site_name\" content=\"IrinasB\" \/>\n<meta property=\"article:modified_time\" content=\"2025-05-21T15:37:17+00:00\" \/>\n<meta property=\"og:image\" content=\"https:\/\/irinasb.com\/wp-content\/uploads\/2020\/02\/20200224_172025.jpg\" \/>\n\t<meta property=\"og:image:width\" content=\"800\" \/>\n\t<meta property=\"og:image:height\" content=\"859\" \/>\n\t<meta property=\"og:image:type\" content=\"image\/jpeg\" \/>\n<meta name=\"twitter:card\" content=\"summary_large_image\" \/>\n<meta name=\"twitter:label1\" content=\"Estimated reading time\" \/>\n\t<meta name=\"twitter:data1\" content=\"2 minutes\" \/>\n<script type=\"application\/ld+json\" class=\"yoast-schema-graph\">{\"@context\":\"https:\/\/schema.org\",\"@graph\":[{\"@type\":\"WebPage\",\"@id\":\"https:\/\/irinasb.com\/produto\/thunder\/\",\"url\":\"https:\/\/irinasb.com\/produto\/thunder\/\",\"name\":\"Colar Flores Cinza e Correntes - IrinasB\",\"isPartOf\":{\"@id\":\"https:\/\/irinasb.com\/#website\"},\"primaryImageOfPage\":{\"@id\":\"https:\/\/irinasb.com\/produto\/thunder\/#primaryimage\"},\"image\":{\"@id\":\"https:\/\/irinasb.com\/produto\/thunder\/#primaryimage\"},\"thumbnailUrl\":\"https:\/\/irinasb.com\/wp-content\/uploads\/2020\/02\/20200224_172025.jpg\",\"datePublished\":\"2020-02-24T18:08:52+00:00\",\"dateModified\":\"2025-05-21T15:37:17+00:00\",\"breadcrumb\":{\"@id\":\"https:\/\/irinasb.com\/produto\/thunder\/#breadcrumb\"},\"inLanguage\":\"en-GB\",\"potentialAction\":[{\"@type\":\"ReadAction\",\"target\":[\"https:\/\/irinasb.com\/produto\/thunder\/\"]}]},{\"@type\":\"ImageObject\",\"inLanguage\":\"en-GB\",\"@id\":\"https:\/\/irinasb.com\/produto\/thunder\/#primaryimage\",\"url\":\"https:\/\/irinasb.com\/wp-content\/uploads\/2020\/02\/20200224_172025.jpg\",\"contentUrl\":\"https:\/\/irinasb.com\/wp-content\/uploads\/2020\/02\/20200224_172025.jpg\",\"width\":800,\"height\":859},{\"@type\":\"BreadcrumbList\",\"@id\":\"https:\/\/irinasb.com\/produto\/thunder\/#breadcrumb\",\"itemListElement\":[{\"@type\":\"ListItem\",\"position\":1,\"name\":\"Home\",\"item\":\"https:\/\/irinasb.com\/\"},{\"@type\":\"ListItem\",\"position\":2,\"name\":\"Loja\",\"item\":\"https:\/\/irinasb.com\/loja\/\"},{\"@type\":\"ListItem\",\"position\":3,\"name\":\"Colar Flores Cinza e Correntes\"}]},{\"@type\":\"WebSite\",\"@id\":\"https:\/\/irinasb.com\/#website\",\"url\":\"https:\/\/irinasb.com\/\",\"name\":\"IrinasB\",\"description\":\"Handmade Dreams\",\"publisher\":{\"@id\":\"https:\/\/irinasb.com\/#organization\"},\"potentialAction\":[{\"@type\":\"SearchAction\",\"target\":{\"@type\":\"EntryPoint\",\"urlTemplate\":\"https:\/\/irinasb.com\/?s={search_term_string}\"},\"query-input\":{\"@type\":\"PropertyValueSpecification\",\"valueRequired\":true,\"valueName\":\"search_term_string\"}}],\"inLanguage\":\"en-GB\"},{\"@type\":\"Organization\",\"@id\":\"https:\/\/irinasb.com\/#organization\",\"name\":\"IrinasB\",\"url\":\"https:\/\/irinasb.com\/\",\"logo\":{\"@type\":\"ImageObject\",\"inLanguage\":\"en-GB\",\"@id\":\"https:\/\/irinasb.com\/#\/schema\/logo\/image\/\",\"url\":\"https:\/\/irinasb.com\/wp-content\/uploads\/2016\/11\/logo.fw_.png\",\"contentUrl\":\"https:\/\/irinasb.com\/wp-content\/uploads\/2016\/11\/logo.fw_.png\",\"width\":900,\"height\":453,\"caption\":\"IrinasB\"},\"image\":{\"@id\":\"https:\/\/irinasb.com\/#\/schema\/logo\/image\/\"}}]}<\/script>\n<!-- \/ Yoast SEO plugin. -->","yoast_head_json":{"title":"Colar Flores Cinza e Correntes - IrinasB","robots":{"index":"index","follow":"follow","max-snippet":"max-snippet:-1","max-image-preview":"max-image-preview:large","max-video-preview":"max-video-preview:-1"},"canonical":"https:\/\/irinasb.com\/en\/product\/thunder\/","og_locale":"en_GB","og_type":"article","og_title":"Colar Flores Cinza e Correntes - IrinasB","og_description":"Um colar artesanal \u00fanico, diferente e ousado, que combina flores em polipele prateada texturizada com correntes em a\u00e7o dourado, criando um contraste elegante e moderno. Este colar destaca-se pela sua leveza, proporcionando conforto sem comprometer o estilo.  Esta pe\u00e7a ser\u00e1 fabricada especialmente para si e por isso o tempo de fabrico poder\u00e1 variar entre 2 a 4 dias.  \u00c9 enviado numa bonita caixa!","og_url":"https:\/\/irinasb.com\/en\/product\/thunder\/","og_site_name":"IrinasB","article_modified_time":"2025-05-21T15:37:17+00:00","og_image":[{"width":800,"height":859,"url":"https:\/\/irinasb.com\/wp-content\/uploads\/2020\/02\/20200224_172025.jpg","type":"image\/jpeg"}],"twitter_card":"summary_large_image","twitter_misc":{"Estimated reading time":"2 minutes"},"schema":{"@context":"https:\/\/schema.org","@graph":[{"@type":"WebPage","@id":"https:\/\/irinasb.com\/produto\/thunder\/","url":"https:\/\/irinasb.com\/produto\/thunder\/","name":"Colar Flores Cinza e Correntes - IrinasB","isPartOf":{"@id":"https:\/\/irinasb.com\/#website"},"primaryImageOfPage":{"@id":"https:\/\/irinasb.com\/produto\/thunder\/#primaryimage"},"image":{"@id":"https:\/\/irinasb.com\/produto\/thunder\/#primaryimage"},"thumbnailUrl":"https:\/\/irinasb.com\/wp-content\/uploads\/2020\/02\/20200224_172025.jpg","datePublished":"2020-02-24T18:08:52+00:00","dateModified":"2025-05-21T15:37:17+00:00","breadcrumb":{"@id":"https:\/\/irinasb.com\/produto\/thunder\/#breadcrumb"},"inLanguage":"en-GB","potentialAction":[{"@type":"ReadAction","target":["https:\/\/irinasb.com\/produto\/thunder\/"]}]},{"@type":"ImageObject","inLanguage":"en-GB","@id":"https:\/\/irinasb.com\/produto\/thunder\/#primaryimage","url":"https:\/\/irinasb.com\/wp-content\/uploads\/2020\/02\/20200224_172025.jpg","contentUrl":"https:\/\/irinasb.com\/wp-content\/uploads\/2020\/02\/20200224_172025.jpg","width":800,"height":859},{"@type":"BreadcrumbList","@id":"https:\/\/irinasb.com\/produto\/thunder\/#breadcrumb","itemListElement":[{"@type":"ListItem","position":1,"name":"Home","item":"https:\/\/irinasb.com\/"},{"@type":"ListItem","position":2,"name":"Loja","item":"https:\/\/irinasb.com\/loja\/"},{"@type":"ListItem","position":3,"name":"Colar Flores Cinza e Correntes"}]},{"@type":"WebSite","@id":"https:\/\/irinasb.com\/#website","url":"https:\/\/irinasb.com\/","name":"IrinasB","description":"Handmade Dreams","publisher":{"@id":"https:\/\/irinasb.com\/#organization"},"potentialAction":[{"@type":"SearchAction","target":{"@type":"EntryPoint","urlTemplate":"https:\/\/irinasb.com\/?s={search_term_string}"},"query-input":{"@type":"PropertyValueSpecification","valueRequired":true,"valueName":"search_term_string"}}],"inLanguage":"en-GB"},{"@type":"Organization","@id":"https:\/\/irinasb.com\/#organization","name":"IrinasB","url":"https:\/\/irinasb.com\/","logo":{"@type":"ImageObject","inLanguage":"en-GB","@id":"https:\/\/irinasb.com\/#\/schema\/logo\/image\/","url":"https:\/\/irinasb.com\/wp-content\/uploads\/2016\/11\/logo.fw_.png","contentUrl":"https:\/\/irinasb.com\/wp-content\/uploads\/2016\/11\/logo.fw_.png","width":900,"height":453,"caption":"IrinasB"},"image":{"@id":"https:\/\/irinasb.com\/#\/schema\/logo\/image\/"}}]}},"_links":{"self":[{"href":"https:\/\/irinasb.com\/en\/wp-json\/wp\/v2\/product\/18094","targetHints":{"allow":["GET"]}}],"collection":[{"href":"https:\/\/irinasb.com\/en\/wp-json\/wp\/v2\/product"}],"about":[{"href":"https:\/\/irinasb.com\/en\/wp-json\/wp\/v2\/types\/product"}],"replies":[{"embeddable":true,"href":"https:\/\/irinasb.com\/en\/wp-json\/wp\/v2\/comments?post=18094"}],"wp:featuredmedia":[{"embeddable":true,"href":"https:\/\/irinasb.com\/en\/wp-json\/wp\/v2\/media\/18095"}],"wp:attachment":[{"href":"https:\/\/irinasb.com\/en\/wp-json\/wp\/v2\/media?parent=18094"}],"wp:term":[{"taxonomy":"product_brand","embeddable":true,"href":"https:\/\/irinasb.com\/en\/wp-json\/wp\/v2\/product_brand?post=18094"},{"taxonomy":"product_cat","embeddable":true,"href":"https:\/\/irinasb.com\/en\/wp-json\/wp\/v2\/product_cat?post=18094"},{"taxonomy":"product_tag","embeddable":true,"href":"https:\/\/irinasb.com\/en\/wp-json\/wp\/v2\/product_tag?post=18094"}],"curies":[{"name":"wp","href":"https:\/\/api.w.org\/{rel}","templated":true}]}}