{"id":17724,"date":"2020-02-17T15:45:10","date_gmt":"2020-02-17T15:45:10","guid":{"rendered":"https:\/\/irinasb.com\/?post_type=product&#038;p=17724"},"modified":"2025-12-07T16:56:23","modified_gmt":"2025-12-07T16:56:23","slug":"poder","status":"publish","type":"product","link":"https:\/\/irinasb.com\/en\/product\/poder\/","title":{"rendered":"Colar Flor Prateada"},"content":{"rendered":"<ul>\n<li><strong>Materiais de Qualidade:<\/strong> Produzido com flores em polipele preta, conferindo durabilidade e um acabamento refinado.<\/li>\n<li><strong>Detalhe Distinto:<\/strong> Apresenta uma flor em tecido prateado, adicionando um toque de brilho e eleg\u00e2ncia \u00e0 pe\u00e7a.<\/li>\n<li><strong>Leveza Excecional:<\/strong> Desenvolvido para ser incrivelmente leve, garantindo conforto durante todo o dia.<\/li>\n<\/ul>\n<p><strong>Por que Escolher este colar:<\/strong><\/p>\n<ul>\n<li><strong>Design Vers\u00e1til:<\/strong> Ideal para complementar tanto looks casuais quanto formais, adicionando um toque de sofistica\u00e7\u00e3o.<\/li>\n<li><strong>Artesanato de Excel\u00eancia:<\/strong> Cada colar \u00e9 cuidadosamente elaborado, refletindo um compromisso com a qualidade e o design \u00fanico.<\/li>\n<li><strong>Conforto Garantido:<\/strong> A leveza do colar assegura que possa ser usado por longos per\u00edodos sem qualquer desconforto.<\/li>\n<\/ul>\n<p>Adicione o colar &#8220;Poder&#8221; \u00e0 sua cole\u00e7\u00e3o de acess\u00f3rios e experimente a combina\u00e7\u00e3o perfeita de estilo, eleg\u00e2ncia e conforto. Esta pe\u00e7a \u00e9 uma excelente escolha para quem procura destacar-se com um acess\u00f3rio \u00fanico e sofisticado.<\/p>\n<p><span style=\"color: #000000;\"><em>Our pieces are manufactured manually, therefore, we do not guarantee that the piece sent is exactly the same as the photograph shown, that is, certain details may vary slightly in position, as well as materials such as cork, which may slightly vary in color. We guarantee an identical piece but never exactly the same!<\/em><\/span><\/p>","protected":false},"excerpt":{"rendered":"<p>Um colar artesanal com um design sofisticado e contempor\u00e2neo. Este colar destaca-se pela sua leveza, proporcionando conforto sem sacrificar o estilo.<\/p>\n<p>This piece will be manufactured especially for you and therefore the manufacturing time may vary between 2 to 4 days.<\/p>","protected":false},"featured_media":17725,"comment_status":"closed","ping_status":"closed","template":"","meta":[],"product_brand":[],"product_cat":[186],"product_tag":[487,486],"class_list":{"0":"post-17724","1":"product","2":"type-product","3":"status-publish","4":"has-post-thumbnail","6":"product_cat-maxicolares","7":"product_tag-colar-flor-prateada","8":"product_tag-colar-flores-pretas","10":"first","11":"instock","12":"shipping-taxable","13":"purchasable","14":"product-type-simple"},"yoast_head":"<!-- This site is optimized with the Yoast SEO plugin v26.2 - https:\/\/yoast.com\/wordpress\/plugins\/seo\/ -->\n<title>Colar Flor Prateada - IrinasB<\/title>\n<meta name=\"robots\" content=\"index, follow, max-snippet:-1, max-image-preview:large, max-video-preview:-1\" \/>\n<link rel=\"canonical\" href=\"https:\/\/irinasb.com\/en\/product\/poder\/\" \/>\n<meta property=\"og:locale\" content=\"en_GB\" \/>\n<meta property=\"og:type\" content=\"article\" \/>\n<meta property=\"og:title\" content=\"Colar Flor Prateada - IrinasB\" \/>\n<meta property=\"og:description\" content=\"Um colar artesanal com um design sofisticado e contempor\u00e2neo. Este colar destaca-se pela sua leveza, proporcionando conforto sem sacrificar o estilo.  Esta pe\u00e7a ser\u00e1 fabricada especialmente para si e por isso o tempo de fabrico poder\u00e1 variar entre 2 a 4 dias.\" \/>\n<meta property=\"og:url\" content=\"https:\/\/irinasb.com\/en\/product\/poder\/\" \/>\n<meta property=\"og:site_name\" content=\"IrinasB\" \/>\n<meta property=\"article:modified_time\" content=\"2025-12-07T16:56:23+00:00\" \/>\n<meta property=\"og:image\" content=\"https:\/\/irinasb.com\/wp-content\/uploads\/2020\/02\/20200217_125013.jpg\" \/>\n\t<meta property=\"og:image:width\" content=\"800\" \/>\n\t<meta property=\"og:image:height\" content=\"834\" \/>\n\t<meta property=\"og:image:type\" content=\"image\/jpeg\" \/>\n<meta name=\"twitter:card\" content=\"summary_large_image\" \/>\n<meta name=\"twitter:label1\" content=\"Estimated reading time\" \/>\n\t<meta name=\"twitter:data1\" content=\"2 minutes\" \/>\n<script type=\"application\/ld+json\" class=\"yoast-schema-graph\">{\"@context\":\"https:\/\/schema.org\",\"@graph\":[{\"@type\":\"WebPage\",\"@id\":\"https:\/\/irinasb.com\/produto\/poder\/\",\"url\":\"https:\/\/irinasb.com\/produto\/poder\/\",\"name\":\"Colar Flor Prateada - IrinasB\",\"isPartOf\":{\"@id\":\"https:\/\/irinasb.com\/#website\"},\"primaryImageOfPage\":{\"@id\":\"https:\/\/irinasb.com\/produto\/poder\/#primaryimage\"},\"image\":{\"@id\":\"https:\/\/irinasb.com\/produto\/poder\/#primaryimage\"},\"thumbnailUrl\":\"https:\/\/irinasb.com\/wp-content\/uploads\/2020\/02\/20200217_125013.jpg\",\"datePublished\":\"2020-02-17T15:45:10+00:00\",\"dateModified\":\"2025-12-07T16:56:23+00:00\",\"breadcrumb\":{\"@id\":\"https:\/\/irinasb.com\/produto\/poder\/#breadcrumb\"},\"inLanguage\":\"en-GB\",\"potentialAction\":[{\"@type\":\"ReadAction\",\"target\":[\"https:\/\/irinasb.com\/produto\/poder\/\"]}]},{\"@type\":\"ImageObject\",\"inLanguage\":\"en-GB\",\"@id\":\"https:\/\/irinasb.com\/produto\/poder\/#primaryimage\",\"url\":\"https:\/\/irinasb.com\/wp-content\/uploads\/2020\/02\/20200217_125013.jpg\",\"contentUrl\":\"https:\/\/irinasb.com\/wp-content\/uploads\/2020\/02\/20200217_125013.jpg\",\"width\":800,\"height\":834},{\"@type\":\"BreadcrumbList\",\"@id\":\"https:\/\/irinasb.com\/produto\/poder\/#breadcrumb\",\"itemListElement\":[{\"@type\":\"ListItem\",\"position\":1,\"name\":\"Home\",\"item\":\"https:\/\/irinasb.com\/\"},{\"@type\":\"ListItem\",\"position\":2,\"name\":\"Loja\",\"item\":\"https:\/\/irinasb.com\/loja\/\"},{\"@type\":\"ListItem\",\"position\":3,\"name\":\"Colar Flor Prateada\"}]},{\"@type\":\"WebSite\",\"@id\":\"https:\/\/irinasb.com\/#website\",\"url\":\"https:\/\/irinasb.com\/\",\"name\":\"IrinasB\",\"description\":\"Handmade Dreams\",\"publisher\":{\"@id\":\"https:\/\/irinasb.com\/#organization\"},\"potentialAction\":[{\"@type\":\"SearchAction\",\"target\":{\"@type\":\"EntryPoint\",\"urlTemplate\":\"https:\/\/irinasb.com\/?s={search_term_string}\"},\"query-input\":{\"@type\":\"PropertyValueSpecification\",\"valueRequired\":true,\"valueName\":\"search_term_string\"}}],\"inLanguage\":\"en-GB\"},{\"@type\":\"Organization\",\"@id\":\"https:\/\/irinasb.com\/#organization\",\"name\":\"IrinasB\",\"url\":\"https:\/\/irinasb.com\/\",\"logo\":{\"@type\":\"ImageObject\",\"inLanguage\":\"en-GB\",\"@id\":\"https:\/\/irinasb.com\/#\/schema\/logo\/image\/\",\"url\":\"https:\/\/irinasb.com\/wp-content\/uploads\/2016\/11\/logo.fw_.png\",\"contentUrl\":\"https:\/\/irinasb.com\/wp-content\/uploads\/2016\/11\/logo.fw_.png\",\"width\":900,\"height\":453,\"caption\":\"IrinasB\"},\"image\":{\"@id\":\"https:\/\/irinasb.com\/#\/schema\/logo\/image\/\"}}]}<\/script>\n<!-- \/ Yoast SEO plugin. -->","yoast_head_json":{"title":"Colar Flor Prateada - IrinasB","robots":{"index":"index","follow":"follow","max-snippet":"max-snippet:-1","max-image-preview":"max-image-preview:large","max-video-preview":"max-video-preview:-1"},"canonical":"https:\/\/irinasb.com\/en\/product\/poder\/","og_locale":"en_GB","og_type":"article","og_title":"Colar Flor Prateada - IrinasB","og_description":"Um colar artesanal com um design sofisticado e contempor\u00e2neo. Este colar destaca-se pela sua leveza, proporcionando conforto sem sacrificar o estilo.  Esta pe\u00e7a ser\u00e1 fabricada especialmente para si e por isso o tempo de fabrico poder\u00e1 variar entre 2 a 4 dias.","og_url":"https:\/\/irinasb.com\/en\/product\/poder\/","og_site_name":"IrinasB","article_modified_time":"2025-12-07T16:56:23+00:00","og_image":[{"width":800,"height":834,"url":"https:\/\/irinasb.com\/wp-content\/uploads\/2020\/02\/20200217_125013.jpg","type":"image\/jpeg"}],"twitter_card":"summary_large_image","twitter_misc":{"Estimated reading time":"2 minutes"},"schema":{"@context":"https:\/\/schema.org","@graph":[{"@type":"WebPage","@id":"https:\/\/irinasb.com\/produto\/poder\/","url":"https:\/\/irinasb.com\/produto\/poder\/","name":"Colar Flor Prateada - IrinasB","isPartOf":{"@id":"https:\/\/irinasb.com\/#website"},"primaryImageOfPage":{"@id":"https:\/\/irinasb.com\/produto\/poder\/#primaryimage"},"image":{"@id":"https:\/\/irinasb.com\/produto\/poder\/#primaryimage"},"thumbnailUrl":"https:\/\/irinasb.com\/wp-content\/uploads\/2020\/02\/20200217_125013.jpg","datePublished":"2020-02-17T15:45:10+00:00","dateModified":"2025-12-07T16:56:23+00:00","breadcrumb":{"@id":"https:\/\/irinasb.com\/produto\/poder\/#breadcrumb"},"inLanguage":"en-GB","potentialAction":[{"@type":"ReadAction","target":["https:\/\/irinasb.com\/produto\/poder\/"]}]},{"@type":"ImageObject","inLanguage":"en-GB","@id":"https:\/\/irinasb.com\/produto\/poder\/#primaryimage","url":"https:\/\/irinasb.com\/wp-content\/uploads\/2020\/02\/20200217_125013.jpg","contentUrl":"https:\/\/irinasb.com\/wp-content\/uploads\/2020\/02\/20200217_125013.jpg","width":800,"height":834},{"@type":"BreadcrumbList","@id":"https:\/\/irinasb.com\/produto\/poder\/#breadcrumb","itemListElement":[{"@type":"ListItem","position":1,"name":"Home","item":"https:\/\/irinasb.com\/"},{"@type":"ListItem","position":2,"name":"Loja","item":"https:\/\/irinasb.com\/loja\/"},{"@type":"ListItem","position":3,"name":"Colar Flor Prateada"}]},{"@type":"WebSite","@id":"https:\/\/irinasb.com\/#website","url":"https:\/\/irinasb.com\/","name":"IrinasB","description":"Handmade Dreams","publisher":{"@id":"https:\/\/irinasb.com\/#organization"},"potentialAction":[{"@type":"SearchAction","target":{"@type":"EntryPoint","urlTemplate":"https:\/\/irinasb.com\/?s={search_term_string}"},"query-input":{"@type":"PropertyValueSpecification","valueRequired":true,"valueName":"search_term_string"}}],"inLanguage":"en-GB"},{"@type":"Organization","@id":"https:\/\/irinasb.com\/#organization","name":"IrinasB","url":"https:\/\/irinasb.com\/","logo":{"@type":"ImageObject","inLanguage":"en-GB","@id":"https:\/\/irinasb.com\/#\/schema\/logo\/image\/","url":"https:\/\/irinasb.com\/wp-content\/uploads\/2016\/11\/logo.fw_.png","contentUrl":"https:\/\/irinasb.com\/wp-content\/uploads\/2016\/11\/logo.fw_.png","width":900,"height":453,"caption":"IrinasB"},"image":{"@id":"https:\/\/irinasb.com\/#\/schema\/logo\/image\/"}}]}},"_links":{"self":[{"href":"https:\/\/irinasb.com\/en\/wp-json\/wp\/v2\/product\/17724","targetHints":{"allow":["GET"]}}],"collection":[{"href":"https:\/\/irinasb.com\/en\/wp-json\/wp\/v2\/product"}],"about":[{"href":"https:\/\/irinasb.com\/en\/wp-json\/wp\/v2\/types\/product"}],"replies":[{"embeddable":true,"href":"https:\/\/irinasb.com\/en\/wp-json\/wp\/v2\/comments?post=17724"}],"wp:featuredmedia":[{"embeddable":true,"href":"https:\/\/irinasb.com\/en\/wp-json\/wp\/v2\/media\/17725"}],"wp:attachment":[{"href":"https:\/\/irinasb.com\/en\/wp-json\/wp\/v2\/media?parent=17724"}],"wp:term":[{"taxonomy":"product_brand","embeddable":true,"href":"https:\/\/irinasb.com\/en\/wp-json\/wp\/v2\/product_brand?post=17724"},{"taxonomy":"product_cat","embeddable":true,"href":"https:\/\/irinasb.com\/en\/wp-json\/wp\/v2\/product_cat?post=17724"},{"taxonomy":"product_tag","embeddable":true,"href":"https:\/\/irinasb.com\/en\/wp-json\/wp\/v2\/product_tag?post=17724"}],"curies":[{"name":"wp","href":"https:\/\/api.w.org\/{rel}","templated":true}]}}