{"id":16120,"date":"2020-01-18T18:28:33","date_gmt":"2020-01-18T18:28:33","guid":{"rendered":"https:\/\/irinasb.com\/?post_type=product&#038;p=16120"},"modified":"2026-03-23T11:43:36","modified_gmt":"2026-03-23T11:43:36","slug":"jaspe-vermelho","status":"publish","type":"product","link":"https:\/\/irinasb.com\/en\/product\/jaspe-vermelho\/","title":{"rendered":"Pulseira Pedras Jaspe Vermelho"},"content":{"rendered":"<ul>\n<li><strong>Design Dur\u00e1vel:<\/strong>\u00a0Produzida com fio duplo de algod\u00e3o, garantindo resist\u00eancia e conforto no uso di\u00e1rio.<\/li>\n<li><strong>Pedras Naturais de Jaspe:<\/strong>\u00a0Conhecidas por suas propriedades protetoras, as pedras de jaspe ajudam a afastar energias negativas e promovem a serenidade.<\/li>\n<li><strong>Stainless Steel Pendant:<\/strong>\u00a0Um pendente em a\u00e7o inoxid\u00e1vel que adiciona um toque de sofistica\u00e7\u00e3o e durabilidade \u00e0 pe\u00e7a.<\/li>\n<\/ul>\n<p><strong>Benef\u00edcios das Pedras de Jaspe:<\/strong><\/p>\n<ul>\n<li><strong>Prote\u00e7\u00e3o Energ\u00e9tica:<\/strong>\u00a0Atua como um escudo contra influ\u00eancias negativas externas.<\/li>\n<li><strong>Equil\u00edbrio Emocional:<\/strong>\u00a0Auxilia na estabiliza\u00e7\u00e3o das emo\u00e7\u00f5es, promovendo uma sensa\u00e7\u00e3o de calma e tranquilidade.<\/li>\n<li><strong>For\u00e7a Interior:<\/strong>\u00a0Estimula a coragem e a determina\u00e7\u00e3o, fortalecendo a mente e o esp\u00edrito.<\/li>\n<\/ul>\n<p>Esta pulseira \u00e9 ideal para quem procura um acess\u00f3rio que combine estilo e benef\u00edcios energ\u00e9ticos, sendo perfeita para uso di\u00e1rio ou ocasi\u00f5es especiais.<\/p>","protected":false},"excerpt":{"rendered":"<p>Pedra super protetora que transmite calma e for\u00e7a.<\/p>\n<p>Evita conflitos e afasta energias negativas.<\/p>","protected":false},"featured_media":30043,"comment_status":"closed","ping_status":"closed","template":"","meta":[],"product_brand":[],"product_cat":[310],"product_tag":[449,450,448,451],"class_list":{"0":"post-16120","1":"product","2":"type-product","3":"status-publish","4":"has-post-thumbnail","6":"product_cat-pedras-com-significado","7":"product_tag-acessorios-de-protecao","8":"product_tag-joias-artesanais","9":"product_tag-pulseira-de-jaspe","10":"product_tag-pulseira-de-pedras-naturais","12":"first","13":"instock","14":"shipping-taxable","15":"purchasable","16":"product-type-simple"},"yoast_head":"<!-- This site is optimized with the Yoast SEO plugin v26.2 - https:\/\/yoast.com\/wordpress\/plugins\/seo\/ -->\n<title>Pulseira Pedras Jaspe Vermelho - IrinasB<\/title>\n<meta name=\"description\" content=\"Pulseira ajust\u00e1vel com pedras jaspe vermelho e pendente em a\u00e7o. Pedra super protetora que transmite calma e for\u00e7a. Evita conflitos e afasta energias negativas.\" \/>\n<meta name=\"robots\" content=\"index, follow, max-snippet:-1, max-image-preview:large, max-video-preview:-1\" \/>\n<link rel=\"canonical\" href=\"https:\/\/irinasb.com\/en\/product\/jaspe-vermelho\/\" \/>\n<meta property=\"og:locale\" content=\"en_GB\" \/>\n<meta property=\"og:type\" content=\"article\" \/>\n<meta property=\"og:title\" content=\"Pulseira Pedras Jaspe Vermelho - IrinasB\" \/>\n<meta property=\"og:description\" content=\"Pulseira ajust\u00e1vel com pedras jaspe vermelho e pendente em a\u00e7o. Pedra super protetora que transmite calma e for\u00e7a. Evita conflitos e afasta energias negativas.\" \/>\n<meta property=\"og:url\" content=\"https:\/\/irinasb.com\/en\/product\/jaspe-vermelho\/\" \/>\n<meta property=\"og:site_name\" content=\"IrinasB\" \/>\n<meta property=\"article:modified_time\" content=\"2026-03-23T11:43:36+00:00\" \/>\n<meta property=\"og:image\" content=\"https:\/\/irinasb.com\/wp-content\/uploads\/2020\/01\/jasp4.jpg\" \/>\n\t<meta property=\"og:image:width\" content=\"800\" \/>\n\t<meta property=\"og:image:height\" content=\"956\" \/>\n\t<meta property=\"og:image:type\" content=\"image\/jpeg\" \/>\n<meta name=\"twitter:card\" content=\"summary_large_image\" \/>\n<meta name=\"twitter:label1\" content=\"Estimated reading time\" \/>\n\t<meta name=\"twitter:data1\" content=\"1 minute\" \/>\n<script type=\"application\/ld+json\" class=\"yoast-schema-graph\">{\"@context\":\"https:\/\/schema.org\",\"@graph\":[{\"@type\":\"WebPage\",\"@id\":\"https:\/\/irinasb.com\/produto\/jaspe-vermelho\/\",\"url\":\"https:\/\/irinasb.com\/produto\/jaspe-vermelho\/\",\"name\":\"Pulseira Pedras Jaspe Vermelho - IrinasB\",\"isPartOf\":{\"@id\":\"https:\/\/irinasb.com\/#website\"},\"primaryImageOfPage\":{\"@id\":\"https:\/\/irinasb.com\/produto\/jaspe-vermelho\/#primaryimage\"},\"image\":{\"@id\":\"https:\/\/irinasb.com\/produto\/jaspe-vermelho\/#primaryimage\"},\"thumbnailUrl\":\"https:\/\/irinasb.com\/wp-content\/uploads\/2020\/01\/jasp4.jpg\",\"datePublished\":\"2020-01-18T18:28:33+00:00\",\"dateModified\":\"2026-03-23T11:43:36+00:00\",\"description\":\"Pulseira ajust\u00e1vel com pedras jaspe vermelho e pendente em a\u00e7o. Pedra super protetora que transmite calma e for\u00e7a. Evita conflitos e afasta energias negativas.\",\"breadcrumb\":{\"@id\":\"https:\/\/irinasb.com\/produto\/jaspe-vermelho\/#breadcrumb\"},\"inLanguage\":\"en-GB\",\"potentialAction\":[{\"@type\":\"ReadAction\",\"target\":[\"https:\/\/irinasb.com\/produto\/jaspe-vermelho\/\"]}]},{\"@type\":\"ImageObject\",\"inLanguage\":\"en-GB\",\"@id\":\"https:\/\/irinasb.com\/produto\/jaspe-vermelho\/#primaryimage\",\"url\":\"https:\/\/irinasb.com\/wp-content\/uploads\/2020\/01\/jasp4.jpg\",\"contentUrl\":\"https:\/\/irinasb.com\/wp-content\/uploads\/2020\/01\/jasp4.jpg\",\"width\":800,\"height\":956},{\"@type\":\"BreadcrumbList\",\"@id\":\"https:\/\/irinasb.com\/produto\/jaspe-vermelho\/#breadcrumb\",\"itemListElement\":[{\"@type\":\"ListItem\",\"position\":1,\"name\":\"Home\",\"item\":\"https:\/\/irinasb.com\/\"},{\"@type\":\"ListItem\",\"position\":2,\"name\":\"Loja\",\"item\":\"https:\/\/irinasb.com\/loja\/\"},{\"@type\":\"ListItem\",\"position\":3,\"name\":\"Pulseira Pedras Jaspe Vermelho\"}]},{\"@type\":\"WebSite\",\"@id\":\"https:\/\/irinasb.com\/#website\",\"url\":\"https:\/\/irinasb.com\/\",\"name\":\"IrinasB\",\"description\":\"Handmade Dreams\",\"publisher\":{\"@id\":\"https:\/\/irinasb.com\/#organization\"},\"potentialAction\":[{\"@type\":\"SearchAction\",\"target\":{\"@type\":\"EntryPoint\",\"urlTemplate\":\"https:\/\/irinasb.com\/?s={search_term_string}\"},\"query-input\":{\"@type\":\"PropertyValueSpecification\",\"valueRequired\":true,\"valueName\":\"search_term_string\"}}],\"inLanguage\":\"en-GB\"},{\"@type\":\"Organization\",\"@id\":\"https:\/\/irinasb.com\/#organization\",\"name\":\"IrinasB\",\"url\":\"https:\/\/irinasb.com\/\",\"logo\":{\"@type\":\"ImageObject\",\"inLanguage\":\"en-GB\",\"@id\":\"https:\/\/irinasb.com\/#\/schema\/logo\/image\/\",\"url\":\"https:\/\/irinasb.com\/wp-content\/uploads\/2016\/11\/logo.fw_.png\",\"contentUrl\":\"https:\/\/irinasb.com\/wp-content\/uploads\/2016\/11\/logo.fw_.png\",\"width\":900,\"height\":453,\"caption\":\"IrinasB\"},\"image\":{\"@id\":\"https:\/\/irinasb.com\/#\/schema\/logo\/image\/\"}}]}<\/script>\n<!-- \/ Yoast SEO plugin. -->","yoast_head_json":{"title":"Pulseira Pedras Jaspe Vermelho - IrinasB","description":"Pulseira ajust\u00e1vel com pedras jaspe vermelho e pendente em a\u00e7o. Pedra super protetora que transmite calma e for\u00e7a. Evita conflitos e afasta energias negativas.","robots":{"index":"index","follow":"follow","max-snippet":"max-snippet:-1","max-image-preview":"max-image-preview:large","max-video-preview":"max-video-preview:-1"},"canonical":"https:\/\/irinasb.com\/en\/product\/jaspe-vermelho\/","og_locale":"en_GB","og_type":"article","og_title":"Pulseira Pedras Jaspe Vermelho - IrinasB","og_description":"Pulseira ajust\u00e1vel com pedras jaspe vermelho e pendente em a\u00e7o. Pedra super protetora que transmite calma e for\u00e7a. Evita conflitos e afasta energias negativas.","og_url":"https:\/\/irinasb.com\/en\/product\/jaspe-vermelho\/","og_site_name":"IrinasB","article_modified_time":"2026-03-23T11:43:36+00:00","og_image":[{"width":800,"height":956,"url":"https:\/\/irinasb.com\/wp-content\/uploads\/2020\/01\/jasp4.jpg","type":"image\/jpeg"}],"twitter_card":"summary_large_image","twitter_misc":{"Estimated reading time":"1 minute"},"schema":{"@context":"https:\/\/schema.org","@graph":[{"@type":"WebPage","@id":"https:\/\/irinasb.com\/produto\/jaspe-vermelho\/","url":"https:\/\/irinasb.com\/produto\/jaspe-vermelho\/","name":"Pulseira Pedras Jaspe Vermelho - IrinasB","isPartOf":{"@id":"https:\/\/irinasb.com\/#website"},"primaryImageOfPage":{"@id":"https:\/\/irinasb.com\/produto\/jaspe-vermelho\/#primaryimage"},"image":{"@id":"https:\/\/irinasb.com\/produto\/jaspe-vermelho\/#primaryimage"},"thumbnailUrl":"https:\/\/irinasb.com\/wp-content\/uploads\/2020\/01\/jasp4.jpg","datePublished":"2020-01-18T18:28:33+00:00","dateModified":"2026-03-23T11:43:36+00:00","description":"Pulseira ajust\u00e1vel com pedras jaspe vermelho e pendente em a\u00e7o. Pedra super protetora que transmite calma e for\u00e7a. Evita conflitos e afasta energias negativas.","breadcrumb":{"@id":"https:\/\/irinasb.com\/produto\/jaspe-vermelho\/#breadcrumb"},"inLanguage":"en-GB","potentialAction":[{"@type":"ReadAction","target":["https:\/\/irinasb.com\/produto\/jaspe-vermelho\/"]}]},{"@type":"ImageObject","inLanguage":"en-GB","@id":"https:\/\/irinasb.com\/produto\/jaspe-vermelho\/#primaryimage","url":"https:\/\/irinasb.com\/wp-content\/uploads\/2020\/01\/jasp4.jpg","contentUrl":"https:\/\/irinasb.com\/wp-content\/uploads\/2020\/01\/jasp4.jpg","width":800,"height":956},{"@type":"BreadcrumbList","@id":"https:\/\/irinasb.com\/produto\/jaspe-vermelho\/#breadcrumb","itemListElement":[{"@type":"ListItem","position":1,"name":"Home","item":"https:\/\/irinasb.com\/"},{"@type":"ListItem","position":2,"name":"Loja","item":"https:\/\/irinasb.com\/loja\/"},{"@type":"ListItem","position":3,"name":"Pulseira Pedras Jaspe Vermelho"}]},{"@type":"WebSite","@id":"https:\/\/irinasb.com\/#website","url":"https:\/\/irinasb.com\/","name":"IrinasB","description":"Handmade Dreams","publisher":{"@id":"https:\/\/irinasb.com\/#organization"},"potentialAction":[{"@type":"SearchAction","target":{"@type":"EntryPoint","urlTemplate":"https:\/\/irinasb.com\/?s={search_term_string}"},"query-input":{"@type":"PropertyValueSpecification","valueRequired":true,"valueName":"search_term_string"}}],"inLanguage":"en-GB"},{"@type":"Organization","@id":"https:\/\/irinasb.com\/#organization","name":"IrinasB","url":"https:\/\/irinasb.com\/","logo":{"@type":"ImageObject","inLanguage":"en-GB","@id":"https:\/\/irinasb.com\/#\/schema\/logo\/image\/","url":"https:\/\/irinasb.com\/wp-content\/uploads\/2016\/11\/logo.fw_.png","contentUrl":"https:\/\/irinasb.com\/wp-content\/uploads\/2016\/11\/logo.fw_.png","width":900,"height":453,"caption":"IrinasB"},"image":{"@id":"https:\/\/irinasb.com\/#\/schema\/logo\/image\/"}}]}},"_links":{"self":[{"href":"https:\/\/irinasb.com\/en\/wp-json\/wp\/v2\/product\/16120","targetHints":{"allow":["GET"]}}],"collection":[{"href":"https:\/\/irinasb.com\/en\/wp-json\/wp\/v2\/product"}],"about":[{"href":"https:\/\/irinasb.com\/en\/wp-json\/wp\/v2\/types\/product"}],"replies":[{"embeddable":true,"href":"https:\/\/irinasb.com\/en\/wp-json\/wp\/v2\/comments?post=16120"}],"wp:featuredmedia":[{"embeddable":true,"href":"https:\/\/irinasb.com\/en\/wp-json\/wp\/v2\/media\/30043"}],"wp:attachment":[{"href":"https:\/\/irinasb.com\/en\/wp-json\/wp\/v2\/media?parent=16120"}],"wp:term":[{"taxonomy":"product_brand","embeddable":true,"href":"https:\/\/irinasb.com\/en\/wp-json\/wp\/v2\/product_brand?post=16120"},{"taxonomy":"product_cat","embeddable":true,"href":"https:\/\/irinasb.com\/en\/wp-json\/wp\/v2\/product_cat?post=16120"},{"taxonomy":"product_tag","embeddable":true,"href":"https:\/\/irinasb.com\/en\/wp-json\/wp\/v2\/product_tag?post=16120"}],"curies":[{"name":"wp","href":"https:\/\/api.w.org\/{rel}","templated":true}]}}