{"id":30820,"date":"2025-04-17T13:24:25","date_gmt":"2025-04-17T13:24:25","guid":{"rendered":"https:\/\/irinasb.com\/?page_id=30820"},"modified":"2025-04-21T08:29:07","modified_gmt":"2025-04-21T08:29:07","slug":"noticias","status":"publish","type":"page","link":"https:\/\/irinasb.com\/en\/noticias\/","title":{"rendered":"Not\u00edcias"},"content":{"rendered":"<div class=\"wpb-content-wrapper\"><div class=\"vc_row row\"><div class=\"wpb_column vc_column_container vc_col-sm-12\"><div class=\"vc_column-inner\"><div class=\"wpb_wrapper\"><h2 style=\"text-align: center;font-family:Abril Fatface;font-weight:400;font-style:normal\" class=\"vc_custom_heading\" >Not\u00edcias<\/h2><\/div><\/div><\/div><\/div><div class=\"vc_row row vc_column-gap-15\"><div class=\"wpb_column vc_column_container vc_col-sm-12\"><div class=\"vc_column-inner\"><div class=\"wpb_wrapper\">        <div class=\"lab_wpb_blog_posts  wpb_content_element\" id=\"el_177657940538001\">\n\n            <div class=\"blog-posts row\" data-equal=\".blog-post\">\n\n\t\t\t\t\n\t\t\t\t\t                    <div class=\"col col-md-4\">\n\t\t\t\t\n                    <article\n                            class=\"blog-post block-image\">\n\n\t\t\t\t\t\t                            <div class=\"image\">\n\n                                <a href=\"https:\/\/irinasb.com\/en\/novidade-ambar-a-pedra-natural-que-une-beleza-protecao-e-energia-positiva\/\">\n\n\t\t\t\t\t\t\t\t\t<img fetchpriority=\"high\" decoding=\"async\" width=\"540\" height=\"360\" src=\"https:\/\/irinasb.com\/wp-content\/uploads\/2025\/09\/colar-abelha-ambar2.1-540x360.jpg\" class=\"attachment-blog-thumb-3 size-blog-thumb-3 wp-post-image\" alt=\"\" \/>\n                                    <span class=\"hover-overlay\"><\/span>\n                                    <span class=\"hover-readmore\">\n\t\t\t\t\t\t\t\t\t\tRead more...\t\t\t\t\t\t\t\t\t<\/span>\n                                <\/a>\n\n                            <\/div>\n\t\t\t\t\t\t\n                        <div class=\"post\">\n                            <h3>\n                                <a href=\"https:\/\/irinasb.com\/en\/novidade-ambar-a-pedra-natural-que-une-beleza-protecao-e-energia-positiva\/\">Novidade! \u00c2mbar: A Pedra Natural que Une Beleza, Prote\u00e7\u00e3o e Energia Positiva<\/a>\n                            <\/h3>\n\n\t\t\t\t\t\t\t                                <div class=\"date\">\n\t\t\t\t\t\t\t\t\t24 September, 2025                                <\/div>\n\t\t\t\t\t\t\t\n                            <div class=\"content\">\n\t\t\t\t\t\t\t\t<p>A magia do \u00e2mbar nas joias O \u00e2mbar \u00e9 muito mais do que uma pedra preciosa \u2014 \u00e9 uma resina&hellip;<\/p>\n                            <\/div>\n                        <\/div>\n\n                    <\/article>\n\n\t\t\t\t\t                    <\/div>\n\t\t\t\t\t\t\t\t\t\n\t\t\t\t\t                    <div class=\"col col-md-4\">\n\t\t\t\t\n                    <article\n                            class=\"blog-post block-image\">\n\n\t\t\t\t\t\t\n                        <div class=\"post\">\n                            <h3>\n                                <a href=\"https:\/\/irinasb.com\/en\/pulseiras-permanentes-em-braga\/\">Pulseiras Permanentes em Braga!<\/a>\n                            <\/h3>\n\n\t\t\t\t\t\t\t                                <div class=\"date\">\n\t\t\t\t\t\t\t\t\t28 August, 2025                                <\/div>\n\t\t\t\t\t\t\t\n                            <div class=\"content\">\n\t\t\t\t\t\t\t\t<p>As pulseiras permanentes s\u00e3o a mais recente tend\u00eancia de joalharia e j\u00e1 conquistaram o cora\u00e7\u00e3o de quem procura uma pe\u00e7a \u00fanica, cheia de significado e que dure para sempre.Mas afinal, o que s\u00e3o e porque&hellip;<\/p>\n                            <\/div>\n                        <\/div>\n\n                    <\/article>\n\n\t\t\t\t\t                    <\/div>\n\t\t\t\t\t\t\t\t\t\n\t\t\t\t\t                    <div class=\"col col-md-4\">\n\t\t\t\t\n                    <article\n                            class=\"blog-post block-image\">\n\n\t\t\t\t\t\t                            <div class=\"image\">\n\n                                <a href=\"https:\/\/irinasb.com\/en\/novidades-nao-nos-guiamos-por-estacoes-criamos-o-ano-todo\/\">\n\n\t\t\t\t\t\t\t\t\t<img decoding=\"async\" width=\"540\" height=\"360\" src=\"https:\/\/irinasb.com\/wp-content\/uploads\/2025\/03\/colar-preto-e-cinza2-540x360.jpg\" class=\"attachment-blog-thumb-3 size-blog-thumb-3 wp-post-image\" alt=\"colar cinza e preto\" \/>\n                                    <span class=\"hover-overlay\"><\/span>\n                                    <span class=\"hover-readmore\">\n\t\t\t\t\t\t\t\t\t\tRead more...\t\t\t\t\t\t\t\t\t<\/span>\n                                <\/a>\n\n                            <\/div>\n\t\t\t\t\t\t\n                        <div class=\"post\">\n                            <h3>\n                                <a href=\"https:\/\/irinasb.com\/en\/novidades-nao-nos-guiamos-por-estacoes-criamos-o-ano-todo\/\">Novidades: N\u00e3o Nos Guiamos por Esta\u00e7\u00f5es, Criamos o Ano Todo<\/a>\n                            <\/h3>\n\n\t\t\t\t\t\t\t                                <div class=\"date\">\n\t\t\t\t\t\t\t\t\t17 April, 2025                                <\/div>\n\t\t\t\t\t\t\t\n                            <div class=\"content\">\n\t\t\t\t\t\t\t\t<p>No mundo da moda, muitas marcas seguem o calend\u00e1rio das tend\u00eancias, lan\u00e7ando cole\u00e7\u00f5es espec\u00edficas para primavera\/ver\u00e3o e outono\/inverno. No entanto,&hellip;<\/p>\n                            <\/div>\n                        <\/div>\n\n                    <\/article>\n\n\t\t\t\t\t                    <\/div>\n\t\t\t\t\t\t\t\t\t<div class=\"clear\"><\/div>\n\t\t\t\t\t                    <div class=\"col col-md-4\">\n\t\t\t\t\n                    <article\n                            class=\"blog-post block-image\">\n\n\t\t\t\t\t\t                            <div class=\"image\">\n\n                                <a href=\"https:\/\/irinasb.com\/en\/como-tornar-um-presente-ainda-mais-especial\/\">\n\n\t\t\t\t\t\t\t\t\t<img decoding=\"async\" width=\"540\" height=\"360\" src=\"https:\/\/irinasb.com\/wp-content\/uploads\/2024\/05\/P1-540x360.jpg\" class=\"attachment-blog-thumb-3 size-blog-thumb-3 wp-post-image\" alt=\"\" \/>\n                                    <span class=\"hover-overlay\"><\/span>\n                                    <span class=\"hover-readmore\">\n\t\t\t\t\t\t\t\t\t\tRead more...\t\t\t\t\t\t\t\t\t<\/span>\n                                <\/a>\n\n                            <\/div>\n\t\t\t\t\t\t\n                        <div class=\"post\">\n                            <h3>\n                                <a href=\"https:\/\/irinasb.com\/en\/como-tornar-um-presente-ainda-mais-especial\/\">Como Tornar um Presente Ainda Mais Especial<\/a>\n                            <\/h3>\n\n\t\t\t\t\t\t\t                                <div class=\"date\">\n\t\t\t\t\t\t\t\t\t                                <\/div>\n\t\t\t\t\t\t\t\n                            <div class=\"content\">\n\t\t\t\t\t\t\t\t<p>Oferecer um presente j\u00e1 \u00e9, por si s\u00f3, um gesto de carinho, mas quando esse presente \u00e9 personalizado, torna-se verdadeiramente&hellip;<\/p>\n                            <\/div>\n                        <\/div>\n\n                    <\/article>\n\n\t\t\t\t\t                    <\/div>\n\t\t\t\t\t\t\t\t\t\n\t\t\t\t\t                    <div class=\"col col-md-4\">\n\t\t\t\t\n                    <article\n                            class=\"blog-post block-image\">\n\n\t\t\t\t\t\t                            <div class=\"image\">\n\n                                <a href=\"https:\/\/irinasb.com\/en\/o-significado-das-pedras-naturais-encontra-a-tua-energia\/\">\n\n\t\t\t\t\t\t\t\t\t<img loading=\"lazy\" decoding=\"async\" width=\"540\" height=\"360\" src=\"https:\/\/irinasb.com\/wp-content\/uploads\/2025\/01\/TurmalinaNEGRAGRA2-540x360.jpg\" class=\"attachment-blog-thumb-3 size-blog-thumb-3 wp-post-image\" alt=\"\" \/>\n                                    <span class=\"hover-overlay\"><\/span>\n                                    <span class=\"hover-readmore\">\n\t\t\t\t\t\t\t\t\t\tRead more...\t\t\t\t\t\t\t\t\t<\/span>\n                                <\/a>\n\n                            <\/div>\n\t\t\t\t\t\t\n                        <div class=\"post\">\n                            <h3>\n                                <a href=\"https:\/\/irinasb.com\/en\/o-significado-das-pedras-naturais-encontra-a-tua-energia\/\">O Significado das Pedras Naturais: Encontra a Tua Energia<\/a>\n                            <\/h3>\n\n\t\t\t\t\t\t\t                                <div class=\"date\">\n\t\t\t\t\t\t\t\t\t                                <\/div>\n\t\t\t\t\t\t\t\n                            <div class=\"content\">\n\t\t\t\t\t\t\t\t<p>Oferecer um presente \u00e9 muito mais do que simplesmente comprar algo bonito. \u00c9 um gesto de carinho, de reconhecimento e&hellip;<\/p>\n                            <\/div>\n                        <\/div>\n\n                    <\/article>\n\n\t\t\t\t\t                    <\/div>\n\t\t\t\t\t\t\t\t\t\n\t\t\t\t\t                    <div class=\"col col-md-4\">\n\t\t\t\t\n                    <article\n                            class=\"blog-post block-image\">\n\n\t\t\t\t\t\t                            <div class=\"image\">\n\n                                <a href=\"https:\/\/irinasb.com\/en\/presentes-originais-para-surpreender-quem-mais-amas\/\">\n\n\t\t\t\t\t\t\t\t\t<img loading=\"lazy\" decoding=\"async\" width=\"540\" height=\"360\" src=\"https:\/\/irinasb.com\/wp-content\/uploads\/2025\/04\/PRESENTES-ORIGINAIS-2-540x360.jpg\" class=\"attachment-blog-thumb-3 size-blog-thumb-3 wp-post-image\" alt=\"\" \/>\n                                    <span class=\"hover-overlay\"><\/span>\n                                    <span class=\"hover-readmore\">\n\t\t\t\t\t\t\t\t\t\tRead more...\t\t\t\t\t\t\t\t\t<\/span>\n                                <\/a>\n\n                            <\/div>\n\t\t\t\t\t\t\n                        <div class=\"post\">\n                            <h3>\n                                <a href=\"https:\/\/irinasb.com\/en\/presentes-originais-para-surpreender-quem-mais-amas\/\">Presentes Originais para Surpreender Quem Mais Amas<\/a>\n                            <\/h3>\n\n\t\t\t\t\t\t\t                                <div class=\"date\">\n\t\t\t\t\t\t\t\t\t                                <\/div>\n\t\t\t\t\t\t\t\n                            <div class=\"content\">\n\t\t\t\t\t\t\t\t<p>Oferecer um presente vai muito al\u00e9m de escolher algo bonito. \u00c9 um gesto de carinho, aten\u00e7\u00e3o e reconhecimento por quem&hellip;<\/p>\n                            <\/div>\n                        <\/div>\n\n                    <\/article>\n\n\t\t\t\t\t                    <\/div>\n\t\t\t\t\t\t\t\t\t<div class=\"clear\"><\/div>            <\/div>\n\n\n\t\t\t\n        <\/div>\n\n\t\t\n\t\t<\/div><\/div><\/div><\/div>\n<\/div>","protected":false},"excerpt":{"rendered":"Oferecer um presente vai muito al\u00e9m de escolher algo bonito. \u00c9 um gesto de carinho, aten\u00e7\u00e3o e reconhecimento por quem o recebe. No entanto, encontrar um presente verdadeiramente original pode ser um desafio \u2014 especialmente quando queremos fugir&hellip;","protected":false},"author":26,"featured_media":0,"parent":0,"menu_order":0,"comment_status":"closed","ping_status":"closed","template":"","meta":{"footnotes":""},"class_list":["post-30820","page","type-page","status-publish","hentry"],"yoast_head":"<!-- This site is optimized with the Yoast SEO plugin v26.2 - https:\/\/yoast.com\/wordpress\/plugins\/seo\/ -->\n<title>Not\u00edcias - IrinasB<\/title>\n<meta name=\"robots\" content=\"index, follow, max-snippet:-1, max-image-preview:large, max-video-preview:-1\" \/>\n<link rel=\"canonical\" href=\"https:\/\/irinasb.com\/en\/noticias\/\" \/>\n<meta property=\"og:locale\" content=\"en_GB\" \/>\n<meta property=\"og:type\" content=\"article\" \/>\n<meta property=\"og:title\" content=\"Not\u00edcias - IrinasB\" \/>\n<meta property=\"og:url\" content=\"https:\/\/irinasb.com\/en\/noticias\/\" \/>\n<meta property=\"og:site_name\" content=\"IrinasB\" \/>\n<meta property=\"article:modified_time\" content=\"2025-04-21T08:29:07+00:00\" \/>\n<meta name=\"twitter:card\" content=\"summary_large_image\" \/>\n<meta name=\"twitter:label1\" content=\"Estimated reading time\" \/>\n\t<meta name=\"twitter:data1\" content=\"1 minute\" \/>\n<script type=\"application\/ld+json\" class=\"yoast-schema-graph\">{\"@context\":\"https:\/\/schema.org\",\"@graph\":[{\"@type\":\"WebPage\",\"@id\":\"https:\/\/irinasb.com\/noticias\/\",\"url\":\"https:\/\/irinasb.com\/noticias\/\",\"name\":\"Not\u00edcias - IrinasB\",\"isPartOf\":{\"@id\":\"https:\/\/irinasb.com\/#website\"},\"datePublished\":\"2025-04-17T13:24:25+00:00\",\"dateModified\":\"2025-04-21T08:29:07+00:00\",\"breadcrumb\":{\"@id\":\"https:\/\/irinasb.com\/noticias\/#breadcrumb\"},\"inLanguage\":\"en-GB\",\"potentialAction\":[{\"@type\":\"ReadAction\",\"target\":[\"https:\/\/irinasb.com\/noticias\/\"]}]},{\"@type\":\"BreadcrumbList\",\"@id\":\"https:\/\/irinasb.com\/noticias\/#breadcrumb\",\"itemListElement\":[{\"@type\":\"ListItem\",\"position\":1,\"name\":\"Home\",\"item\":\"https:\/\/irinasb.com\/\"},{\"@type\":\"ListItem\",\"position\":2,\"name\":\"Not\u00edcias\"}]},{\"@type\":\"WebSite\",\"@id\":\"https:\/\/irinasb.com\/#website\",\"url\":\"https:\/\/irinasb.com\/\",\"name\":\"IrinasB\",\"description\":\"Handmade Dreams\",\"publisher\":{\"@id\":\"https:\/\/irinasb.com\/#organization\"},\"potentialAction\":[{\"@type\":\"SearchAction\",\"target\":{\"@type\":\"EntryPoint\",\"urlTemplate\":\"https:\/\/irinasb.com\/?s={search_term_string}\"},\"query-input\":{\"@type\":\"PropertyValueSpecification\",\"valueRequired\":true,\"valueName\":\"search_term_string\"}}],\"inLanguage\":\"en-GB\"},{\"@type\":\"Organization\",\"@id\":\"https:\/\/irinasb.com\/#organization\",\"name\":\"IrinasB\",\"url\":\"https:\/\/irinasb.com\/\",\"logo\":{\"@type\":\"ImageObject\",\"inLanguage\":\"en-GB\",\"@id\":\"https:\/\/irinasb.com\/#\/schema\/logo\/image\/\",\"url\":\"https:\/\/irinasb.com\/wp-content\/uploads\/2016\/11\/logo.fw_.png\",\"contentUrl\":\"https:\/\/irinasb.com\/wp-content\/uploads\/2016\/11\/logo.fw_.png\",\"width\":900,\"height\":453,\"caption\":\"IrinasB\"},\"image\":{\"@id\":\"https:\/\/irinasb.com\/#\/schema\/logo\/image\/\"}}]}<\/script>\n<!-- \/ Yoast SEO plugin. -->","yoast_head_json":{"title":"Not\u00edcias - IrinasB","robots":{"index":"index","follow":"follow","max-snippet":"max-snippet:-1","max-image-preview":"max-image-preview:large","max-video-preview":"max-video-preview:-1"},"canonical":"https:\/\/irinasb.com\/en\/noticias\/","og_locale":"en_GB","og_type":"article","og_title":"Not\u00edcias - IrinasB","og_url":"https:\/\/irinasb.com\/en\/noticias\/","og_site_name":"IrinasB","article_modified_time":"2025-04-21T08:29:07+00:00","twitter_card":"summary_large_image","twitter_misc":{"Estimated reading time":"1 minute"},"schema":{"@context":"https:\/\/schema.org","@graph":[{"@type":"WebPage","@id":"https:\/\/irinasb.com\/noticias\/","url":"https:\/\/irinasb.com\/noticias\/","name":"Not\u00edcias - IrinasB","isPartOf":{"@id":"https:\/\/irinasb.com\/#website"},"datePublished":"2025-04-17T13:24:25+00:00","dateModified":"2025-04-21T08:29:07+00:00","breadcrumb":{"@id":"https:\/\/irinasb.com\/noticias\/#breadcrumb"},"inLanguage":"en-GB","potentialAction":[{"@type":"ReadAction","target":["https:\/\/irinasb.com\/noticias\/"]}]},{"@type":"BreadcrumbList","@id":"https:\/\/irinasb.com\/noticias\/#breadcrumb","itemListElement":[{"@type":"ListItem","position":1,"name":"Home","item":"https:\/\/irinasb.com\/"},{"@type":"ListItem","position":2,"name":"Not\u00edcias"}]},{"@type":"WebSite","@id":"https:\/\/irinasb.com\/#website","url":"https:\/\/irinasb.com\/","name":"IrinasB","description":"Handmade Dreams","publisher":{"@id":"https:\/\/irinasb.com\/#organization"},"potentialAction":[{"@type":"SearchAction","target":{"@type":"EntryPoint","urlTemplate":"https:\/\/irinasb.com\/?s={search_term_string}"},"query-input":{"@type":"PropertyValueSpecification","valueRequired":true,"valueName":"search_term_string"}}],"inLanguage":"en-GB"},{"@type":"Organization","@id":"https:\/\/irinasb.com\/#organization","name":"IrinasB","url":"https:\/\/irinasb.com\/","logo":{"@type":"ImageObject","inLanguage":"en-GB","@id":"https:\/\/irinasb.com\/#\/schema\/logo\/image\/","url":"https:\/\/irinasb.com\/wp-content\/uploads\/2016\/11\/logo.fw_.png","contentUrl":"https:\/\/irinasb.com\/wp-content\/uploads\/2016\/11\/logo.fw_.png","width":900,"height":453,"caption":"IrinasB"},"image":{"@id":"https:\/\/irinasb.com\/#\/schema\/logo\/image\/"}}]}},"_links":{"self":[{"href":"https:\/\/irinasb.com\/en\/wp-json\/wp\/v2\/pages\/30820","targetHints":{"allow":["GET"]}}],"collection":[{"href":"https:\/\/irinasb.com\/en\/wp-json\/wp\/v2\/pages"}],"about":[{"href":"https:\/\/irinasb.com\/en\/wp-json\/wp\/v2\/types\/page"}],"author":[{"embeddable":true,"href":"https:\/\/irinasb.com\/en\/wp-json\/wp\/v2\/users\/26"}],"replies":[{"embeddable":true,"href":"https:\/\/irinasb.com\/en\/wp-json\/wp\/v2\/comments?post=30820"}],"version-history":[{"count":5,"href":"https:\/\/irinasb.com\/en\/wp-json\/wp\/v2\/pages\/30820\/revisions"}],"predecessor-version":[{"id":30847,"href":"https:\/\/irinasb.com\/en\/wp-json\/wp\/v2\/pages\/30820\/revisions\/30847"}],"wp:attachment":[{"href":"https:\/\/irinasb.com\/en\/wp-json\/wp\/v2\/media?parent=30820"}],"curies":[{"name":"wp","href":"https:\/\/api.w.org\/{rel}","templated":true}]}}