{"id":3078,"date":"2017-01-14T11:23:08","date_gmt":"2017-01-14T11:23:08","guid":{"rendered":"https:\/\/irinasb.com\/?page_id=3078"},"modified":"2025-05-29T16:21:24","modified_gmt":"2025-05-29T16:21:24","slug":"revenda","status":"publish","type":"page","link":"https:\/\/irinasb.com\/en\/revenda\/","title":{"rendered":"Resale"},"content":{"rendered":"<div class=\"wpb-content-wrapper\"><div data-vc-full-width=\"true\" data-vc-full-width-init=\"false\" class=\"vc_row row vc_custom_1479135608420 vc_row-has-fill block-bg\"><div class=\"wpb_column vc_column_container vc_col-sm-12\"><div class=\"vc_column-inner\"><div class=\"wpb_wrapper\">\n\t<div class=\"wpb_text_column wpb_content_element  vc_custom_1748535450690\" >\n\t\t<div class=\"wpb_wrapper\">\n\t\t\t<h1 style=\"text-align: center;\"><span style=\"color: #3b3b3b; font-size: 100%;\">REVENDA DE ACESS\u00d3RIOS DE MODA<\/span><\/h1>\n<p>&nbsp;<\/p>\n<p style=\"text-align: center;\"><span style=\"color: #3b3b3b; font-family: 'Playfair Display', serif; font-size: 150%; line-height: 210%;\">Seja nosso revendedor de acess\u00f3rio de moda! Preencha o formul\u00e1rio abaixo para mais informa\u00e7\u00f5es!<\/span><\/p>\n<style id=\"wpforms-css-vars-27513\">\n\t\t\t\t#wpforms-27513 {\n\t\t\t\t\n\t\t\t}\n\t\t\t<\/style><div class=\"wpforms-container wpforms-container-full wpforms-render-modern\" id=\"wpforms-27513\"><form id=\"wpforms-form-27513\" class=\"wpforms-validate wpforms-form wpforms-ajax-form\" data-formid=\"27513\" method=\"post\" enctype=\"multipart\/form-data\" action=\"\/en\/wp-json\/wp\/v2\/pages\/3078\" data-token=\"43434721538056c48dfbec27a46e8df3\" data-token-time=\"1778433635\" data-trp-original-action=\"\/en\/wp-json\/wp\/v2\/pages\/3078\"><noscript class=\"wpforms-error-noscript\">Please enable JavaScript in your browser to complete this form.<\/noscript><div id=\"wpforms-error-noscript\" style=\"display: none;\">Please enable JavaScript in your browser to complete this form.<\/div><div class=\"wpforms-field-container\"><div id=\"wpforms-27513-field_0-container\" class=\"wpforms-field wpforms-field-name\" data-field-id=\"0\"><label class=\"wpforms-field-label\" for=\"wpforms-27513-field_0\">Name <span class=\"wpforms-required-label\" aria-hidden=\"true\">*<\/span><\/label><input type=\"text\" id=\"wpforms-27513-field_0\" class=\"wpforms-field-medium wpforms-field-required\" name=\"wpforms[fields][0]\" aria-errormessage=\"wpforms-27513-field_0-error\" required><\/div><div id=\"wpforms-27513-field_1-container\" class=\"wpforms-field wpforms-field-email\" data-field-id=\"1\"><label class=\"wpforms-field-label\" for=\"wpforms-27513-field_1\">Email <span class=\"wpforms-required-label\" aria-hidden=\"true\">*<\/span><\/label><input type=\"email\" id=\"wpforms-27513-field_1\" class=\"wpforms-field-medium wpforms-field-required\" name=\"wpforms[fields][1]\" spellcheck=\"false\" aria-errormessage=\"wpforms-27513-field_1-error\" required><\/div><div id=\"wpforms-27513-field_4-container\" class=\"wpforms-field wpforms-field-number\" data-field-id=\"4\"><label class=\"wpforms-field-label\" for=\"wpforms-27513-field_4\">Telephone <span class=\"wpforms-required-label\" aria-hidden=\"true\">*<\/span><\/label><input type=\"number\" id=\"wpforms-27513-field_4\" class=\"wpforms-field-medium wpforms-field-required\" name=\"wpforms[fields][4]\" step=\"any\" aria-errormessage=\"wpforms-27513-field_4-error\" required><\/div><div id=\"wpforms-27513-field_3-container\" class=\"wpforms-field wpforms-field-text\" data-field-id=\"3\"><label class=\"wpforms-field-label\" for=\"wpforms-27513-field_3\">Subject <span class=\"wpforms-required-label\" aria-hidden=\"true\">*<\/span><\/label><input type=\"text\" id=\"wpforms-27513-field_3\" class=\"wpforms-field-medium wpforms-field-required\" name=\"wpforms[fields][3]\" aria-errormessage=\"wpforms-27513-field_3-error\" required><\/div><div id=\"wpforms-27513-field_2-container\" class=\"wpforms-field wpforms-field-textarea\" data-field-id=\"2\"><label class=\"wpforms-field-label\" for=\"wpforms-27513-field_2\">Message <span class=\"wpforms-required-label\" aria-hidden=\"true\">*<\/span><\/label><textarea id=\"wpforms-27513-field_2\" class=\"wpforms-field-medium wpforms-field-required\" name=\"wpforms[fields][2]\" aria-errormessage=\"wpforms-27513-field_2-error\" required><\/textarea><\/div><\/div><!-- .wpforms-field-container --><div class=\"wpforms-recaptcha-container wpforms-is-hcaptcha\" ><div class=\"g-recaptcha\" data-sitekey=\"bc665764-3169-4e1b-9bae-6f7f620e254e\"><\/div><input type=\"text\" name=\"g-recaptcha-hidden\" class=\"wpforms-recaptcha-hidden\" style=\"position:absolute!important;clip:rect(0,0,0,0)!important;height:1px!important;width:1px!important;border:0!important;overflow:hidden!important;padding:0!important;margin:0!important;\" data-rule-hcaptcha=\"1\"><\/div><div class=\"wpforms-submit-container\" ><input type=\"hidden\" name=\"wpforms[id]\" value=\"27513\"><input type=\"hidden\" name=\"page_title\" value=\"\"><input type=\"hidden\" name=\"page_url\" value=\"https:\/\/irinasb.com\/en\/wp-json\/wp\/v2\/pages\/3078\"><input type=\"hidden\" name=\"url_referer\" value=\"\"><button type=\"submit\" name=\"wpforms[submit]\" id=\"wpforms-submit-27513\" class=\"wpforms-submit button\" data-alt-text=\"Enviando...\" data-submit-text=\"Enviar\" aria-live=\"assertive\" value=\"wpforms-submit\">To send<\/button><img decoding=\"async\" src=\"https:\/\/irinasb.com\/wp-content\/plugins\/wpforms-lite\/assets\/images\/submit-spin.svg\" class=\"wpforms-submit-spinner\" style=\"display: none;\" width=\"26\" height=\"26\" alt=\"Loading\"><\/div><input type=\"hidden\" name=\"trp-form-language\" value=\"en\"\/><\/form><\/div>  <!-- .wpforms-container -->\n\n\t\t<\/div>\n\t<\/div>\n<\/div><\/div><\/div><\/div><div class=\"vc_row-full-width vc_clearfix\"><\/div>\n<\/div>","protected":false},"excerpt":{"rendered":"REVENDA DE ACESS\u00d3RIOS DE MODA &nbsp; Seja nosso revendedor de acess\u00f3rio de moda! Preencha o formul\u00e1rio abaixo para mais informa\u00e7\u00f5es! Please enable JavaScript in your browser to complete this form.Please enable JavaScript in your browser to complete this&hellip;","protected":false},"author":1,"featured_media":30059,"parent":0,"menu_order":0,"comment_status":"closed","ping_status":"closed","template":"","meta":{"footnotes":""},"class_list":["post-3078","page","type-page","status-publish","has-post-thumbnail","hentry"],"yoast_head":"<!-- This site is optimized with the Yoast SEO plugin v26.2 - https:\/\/yoast.com\/wordpress\/plugins\/seo\/ -->\n<title>Revenda de Acess\u00f3rios de Moda | Torne-se Revendedor IrinasB<\/title>\n<meta name=\"description\" content=\"Junta-te \u00e0 nossa revenda de acess\u00f3rios de moda e oferece aos seus clientes pe\u00e7as exclusivas, feitas com criatividade e estilo.\" \/>\n<meta name=\"robots\" content=\"index, follow, max-snippet:-1, max-image-preview:large, max-video-preview:-1\" \/>\n<link rel=\"canonical\" href=\"https:\/\/irinasb.com\/en\/revenda\/\" \/>\n<meta property=\"og:locale\" content=\"en_GB\" \/>\n<meta property=\"og:type\" content=\"article\" \/>\n<meta property=\"og:title\" content=\"Revenda de Acess\u00f3rios de Moda | Torne-se Revendedor IrinasB\" \/>\n<meta property=\"og:description\" content=\"Junta-te \u00e0 nossa revenda de acess\u00f3rios de moda e oferece aos seus clientes pe\u00e7as exclusivas, feitas com criatividade e estilo.\" \/>\n<meta property=\"og:url\" content=\"https:\/\/irinasb.com\/en\/revenda\/\" \/>\n<meta property=\"og:site_name\" content=\"IrinasB\" \/>\n<meta property=\"article:modified_time\" content=\"2025-05-29T16:21:24+00:00\" \/>\n<meta property=\"og:image\" content=\"https:\/\/irinasb.com\/wp-content\/uploads\/2025\/01\/Hero-One-Irina.webp\" \/>\n\t<meta property=\"og:image:width\" content=\"1920\" \/>\n\t<meta property=\"og:image:height\" content=\"1080\" \/>\n\t<meta property=\"og:image:type\" content=\"image\/webp\" \/>\n<meta name=\"twitter:card\" content=\"summary_large_image\" \/>\n<meta name=\"twitter:label1\" content=\"Estimated reading time\" \/>\n\t<meta name=\"twitter:data1\" content=\"1 minute\" \/>\n<script type=\"application\/ld+json\" class=\"yoast-schema-graph\">{\"@context\":\"https:\/\/schema.org\",\"@graph\":[{\"@type\":\"WebPage\",\"@id\":\"https:\/\/irinasb.com\/revenda\/\",\"url\":\"https:\/\/irinasb.com\/revenda\/\",\"name\":\"Revenda de Acess\u00f3rios de Moda | Torne-se Revendedor IrinasB\",\"isPartOf\":{\"@id\":\"https:\/\/irinasb.com\/#website\"},\"primaryImageOfPage\":{\"@id\":\"https:\/\/irinasb.com\/revenda\/#primaryimage\"},\"image\":{\"@id\":\"https:\/\/irinasb.com\/revenda\/#primaryimage\"},\"thumbnailUrl\":\"https:\/\/irinasb.com\/wp-content\/uploads\/2025\/01\/Hero-One-Irina.webp\",\"datePublished\":\"2017-01-14T11:23:08+00:00\",\"dateModified\":\"2025-05-29T16:21:24+00:00\",\"description\":\"Junta-te \u00e0 nossa revenda de acess\u00f3rios de moda e oferece aos seus clientes pe\u00e7as exclusivas, feitas com criatividade e estilo.\",\"breadcrumb\":{\"@id\":\"https:\/\/irinasb.com\/revenda\/#breadcrumb\"},\"inLanguage\":\"en-GB\",\"potentialAction\":[{\"@type\":\"ReadAction\",\"target\":[\"https:\/\/irinasb.com\/revenda\/\"]}]},{\"@type\":\"ImageObject\",\"inLanguage\":\"en-GB\",\"@id\":\"https:\/\/irinasb.com\/revenda\/#primaryimage\",\"url\":\"https:\/\/irinasb.com\/wp-content\/uploads\/2025\/01\/Hero-One-Irina.webp\",\"contentUrl\":\"https:\/\/irinasb.com\/wp-content\/uploads\/2025\/01\/Hero-One-Irina.webp\",\"width\":1920,\"height\":1080,\"caption\":\"Revenda de Acess\u00f3rios de Moda\"},{\"@type\":\"BreadcrumbList\",\"@id\":\"https:\/\/irinasb.com\/revenda\/#breadcrumb\",\"itemListElement\":[{\"@type\":\"ListItem\",\"position\":1,\"name\":\"Home\",\"item\":\"https:\/\/irinasb.com\/\"},{\"@type\":\"ListItem\",\"position\":2,\"name\":\"Revenda\"}]},{\"@type\":\"WebSite\",\"@id\":\"https:\/\/irinasb.com\/#website\",\"url\":\"https:\/\/irinasb.com\/\",\"name\":\"IrinasB\",\"description\":\"Handmade Dreams\",\"publisher\":{\"@id\":\"https:\/\/irinasb.com\/#organization\"},\"potentialAction\":[{\"@type\":\"SearchAction\",\"target\":{\"@type\":\"EntryPoint\",\"urlTemplate\":\"https:\/\/irinasb.com\/?s={search_term_string}\"},\"query-input\":{\"@type\":\"PropertyValueSpecification\",\"valueRequired\":true,\"valueName\":\"search_term_string\"}}],\"inLanguage\":\"en-GB\"},{\"@type\":\"Organization\",\"@id\":\"https:\/\/irinasb.com\/#organization\",\"name\":\"IrinasB\",\"url\":\"https:\/\/irinasb.com\/\",\"logo\":{\"@type\":\"ImageObject\",\"inLanguage\":\"en-GB\",\"@id\":\"https:\/\/irinasb.com\/#\/schema\/logo\/image\/\",\"url\":\"https:\/\/irinasb.com\/wp-content\/uploads\/2016\/11\/logo.fw_.png\",\"contentUrl\":\"https:\/\/irinasb.com\/wp-content\/uploads\/2016\/11\/logo.fw_.png\",\"width\":900,\"height\":453,\"caption\":\"IrinasB\"},\"image\":{\"@id\":\"https:\/\/irinasb.com\/#\/schema\/logo\/image\/\"}}]}<\/script>\n<!-- \/ Yoast SEO plugin. -->","yoast_head_json":{"title":"Revenda de Acess\u00f3rios de Moda | Torne-se Revendedor IrinasB","description":"Junta-te \u00e0 nossa revenda de acess\u00f3rios de moda e oferece aos seus clientes pe\u00e7as exclusivas, feitas com criatividade e estilo.","robots":{"index":"index","follow":"follow","max-snippet":"max-snippet:-1","max-image-preview":"max-image-preview:large","max-video-preview":"max-video-preview:-1"},"canonical":"https:\/\/irinasb.com\/en\/revenda\/","og_locale":"en_GB","og_type":"article","og_title":"Revenda de Acess\u00f3rios de Moda | Torne-se Revendedor IrinasB","og_description":"Junta-te \u00e0 nossa revenda de acess\u00f3rios de moda e oferece aos seus clientes pe\u00e7as exclusivas, feitas com criatividade e estilo.","og_url":"https:\/\/irinasb.com\/en\/revenda\/","og_site_name":"IrinasB","article_modified_time":"2025-05-29T16:21:24+00:00","og_image":[{"width":1920,"height":1080,"url":"https:\/\/irinasb.com\/wp-content\/uploads\/2025\/01\/Hero-One-Irina.webp","type":"image\/webp"}],"twitter_card":"summary_large_image","twitter_misc":{"Estimated reading time":"1 minute"},"schema":{"@context":"https:\/\/schema.org","@graph":[{"@type":"WebPage","@id":"https:\/\/irinasb.com\/revenda\/","url":"https:\/\/irinasb.com\/revenda\/","name":"Revenda de Acess\u00f3rios de Moda | Torne-se Revendedor IrinasB","isPartOf":{"@id":"https:\/\/irinasb.com\/#website"},"primaryImageOfPage":{"@id":"https:\/\/irinasb.com\/revenda\/#primaryimage"},"image":{"@id":"https:\/\/irinasb.com\/revenda\/#primaryimage"},"thumbnailUrl":"https:\/\/irinasb.com\/wp-content\/uploads\/2025\/01\/Hero-One-Irina.webp","datePublished":"2017-01-14T11:23:08+00:00","dateModified":"2025-05-29T16:21:24+00:00","description":"Junta-te \u00e0 nossa revenda de acess\u00f3rios de moda e oferece aos seus clientes pe\u00e7as exclusivas, feitas com criatividade e estilo.","breadcrumb":{"@id":"https:\/\/irinasb.com\/revenda\/#breadcrumb"},"inLanguage":"en-GB","potentialAction":[{"@type":"ReadAction","target":["https:\/\/irinasb.com\/revenda\/"]}]},{"@type":"ImageObject","inLanguage":"en-GB","@id":"https:\/\/irinasb.com\/revenda\/#primaryimage","url":"https:\/\/irinasb.com\/wp-content\/uploads\/2025\/01\/Hero-One-Irina.webp","contentUrl":"https:\/\/irinasb.com\/wp-content\/uploads\/2025\/01\/Hero-One-Irina.webp","width":1920,"height":1080,"caption":"Revenda de Acess\u00f3rios de Moda"},{"@type":"BreadcrumbList","@id":"https:\/\/irinasb.com\/revenda\/#breadcrumb","itemListElement":[{"@type":"ListItem","position":1,"name":"Home","item":"https:\/\/irinasb.com\/"},{"@type":"ListItem","position":2,"name":"Revenda"}]},{"@type":"WebSite","@id":"https:\/\/irinasb.com\/#website","url":"https:\/\/irinasb.com\/","name":"IrinasB","description":"Handmade Dreams","publisher":{"@id":"https:\/\/irinasb.com\/#organization"},"potentialAction":[{"@type":"SearchAction","target":{"@type":"EntryPoint","urlTemplate":"https:\/\/irinasb.com\/?s={search_term_string}"},"query-input":{"@type":"PropertyValueSpecification","valueRequired":true,"valueName":"search_term_string"}}],"inLanguage":"en-GB"},{"@type":"Organization","@id":"https:\/\/irinasb.com\/#organization","name":"IrinasB","url":"https:\/\/irinasb.com\/","logo":{"@type":"ImageObject","inLanguage":"en-GB","@id":"https:\/\/irinasb.com\/#\/schema\/logo\/image\/","url":"https:\/\/irinasb.com\/wp-content\/uploads\/2016\/11\/logo.fw_.png","contentUrl":"https:\/\/irinasb.com\/wp-content\/uploads\/2016\/11\/logo.fw_.png","width":900,"height":453,"caption":"IrinasB"},"image":{"@id":"https:\/\/irinasb.com\/#\/schema\/logo\/image\/"}}]}},"_links":{"self":[{"href":"https:\/\/irinasb.com\/en\/wp-json\/wp\/v2\/pages\/3078","targetHints":{"allow":["GET"]}}],"collection":[{"href":"https:\/\/irinasb.com\/en\/wp-json\/wp\/v2\/pages"}],"about":[{"href":"https:\/\/irinasb.com\/en\/wp-json\/wp\/v2\/types\/page"}],"author":[{"embeddable":true,"href":"https:\/\/irinasb.com\/en\/wp-json\/wp\/v2\/users\/1"}],"replies":[{"embeddable":true,"href":"https:\/\/irinasb.com\/en\/wp-json\/wp\/v2\/comments?post=3078"}],"version-history":[{"count":19,"href":"https:\/\/irinasb.com\/en\/wp-json\/wp\/v2\/pages\/3078\/revisions"}],"predecessor-version":[{"id":31388,"href":"https:\/\/irinasb.com\/en\/wp-json\/wp\/v2\/pages\/3078\/revisions\/31388"}],"wp:featuredmedia":[{"embeddable":true,"href":"https:\/\/irinasb.com\/en\/wp-json\/wp\/v2\/media\/30059"}],"wp:attachment":[{"href":"https:\/\/irinasb.com\/en\/wp-json\/wp\/v2\/media?parent=3078"}],"curies":[{"name":"wp","href":"https:\/\/api.w.org\/{rel}","templated":true}]}}